{"id":814,"date":"2023-11-26T22:30:23","date_gmt":"2023-11-26T21:30:23","guid":{"rendered":"https:\/\/atalaya-atelier.fr\/?page_id=814"},"modified":"2023-12-13T23:08:02","modified_gmt":"2023-12-13T22:08:02","slug":"latelier","status":"publish","type":"page","link":"https:\/\/atalaya-atelier.fr\/es\/latelier\/","title":{"rendered":"L&rsquo;atelier"},"content":{"rendered":"\t\t<div data-elementor-type=\"wp-page\" data-elementor-id=\"814\" class=\"elementor elementor-814\" data-elementor-post-type=\"page\">\n\t\t\t\t<div class=\"elementor-element elementor-element-848bd9e e-con-full animated-slow e-flex elementor-invisible e-con e-parent\" data-id=\"848bd9e\" data-element_type=\"container\" data-e-type=\"container\" data-settings=\"{&quot;background_background&quot;:&quot;classic&quot;,&quot;animation&quot;:&quot;fadeIn&quot;}\">\n\t\t\t\t<div class=\"elementor-element elementor-element-4f36533 animated-slow elementor-invisible elementor-widget elementor-widget-heading\" data-id=\"4f36533\" data-element_type=\"widget\" data-e-type=\"widget\" data-settings=\"{&quot;motion_fx_motion_fx_scrolling&quot;:&quot;yes&quot;,&quot;motion_fx_translateY_effect&quot;:&quot;yes&quot;,&quot;motion_fx_translateY_speed&quot;:{&quot;unit&quot;:&quot;px&quot;,&quot;size&quot;:1.1,&quot;sizes&quot;:[]},&quot;_animation&quot;:&quot;fadeInUp&quot;,&quot;_animation_delay&quot;:100,&quot;motion_fx_translateY_affectedRange&quot;:{&quot;unit&quot;:&quot;%&quot;,&quot;size&quot;:&quot;&quot;,&quot;sizes&quot;:{&quot;start&quot;:0,&quot;end&quot;:100}},&quot;motion_fx_devices&quot;:[&quot;desktop&quot;,&quot;tablet&quot;,&quot;mobile&quot;]}\" data-widget_type=\"heading.default\">\n\t\t\t\t<div class=\"elementor-widget-container\">\n\t\t\t\t\t<h1 class=\"elementor-heading-title elementor-size-default\">L'atelier<\/h1>\t\t\t\t<\/div>\n\t\t\t\t<\/div>\n\t\t\t\t<\/div>\n\t\t<div class=\"elementor-element elementor-element-dd879d5 elementor-hidden-desktop elementor-hidden-tablet e-flex e-con-boxed e-con e-parent\" data-id=\"dd879d5\" data-element_type=\"container\" data-e-type=\"container\">\n\t\t\t\t\t<div class=\"e-con-inner\">\n\t\t<div class=\"elementor-element elementor-element-a3f7a76 e-con-full elementor-hidden-desktop elementor-hidden-tablet e-flex e-con e-child\" data-id=\"a3f7a76\" data-element_type=\"container\" data-e-type=\"container\">\n\t\t\t\t<div class=\"elementor-element elementor-element-4f6bb24 elementor-widget elementor-widget-heading\" data-id=\"4f6bb24\" data-element_type=\"widget\" data-e-type=\"widget\" data-widget_type=\"heading.default\">\n\t\t\t\t<div class=\"elementor-widget-container\">\n\t\t\t\t\t<h2 class=\"elementor-heading-title elementor-size-default\">Bienvenue <br>dans l\u2019atelier<\/h2>\t\t\t\t<\/div>\n\t\t\t\t<\/div>\n\t\t\t\t<div class=\"elementor-element elementor-element-ca2afa4 animated-slow elementor-invisible elementor-widget elementor-widget-text-editor\" data-id=\"ca2afa4\" data-element_type=\"widget\" data-e-type=\"widget\" data-settings=\"{&quot;_animation&quot;:&quot;fadeIn&quot;,&quot;_animation_delay&quot;:200}\" data-widget_type=\"text-editor.default\">\n\t\t\t\t<div class=\"elementor-widget-container\">\n\t\t\t\t\t\t\t\t\t<div class=\"page\" title=\"Page 1\"><div class=\"layoutArea\"><div class=\"column\"><p>situ\u00e9 au c\u0153ur de la Provence, entre la Montagne Sainte-Victoire et les Calanques marseillaises. Ici, la conception de chaque bijou prend vie a\u0300 partir des esquisses et dessins de la cre\u0301atrice qui fusionne habilement savoir-faire et modernite\u0301 pour re\u0301aliser chaque mode\u0300le. Entrez dans le myste\u0300re de la naissance d\u2019un bijou, dans l\u2019atelier Atalaya.<\/p><\/div><\/div><\/div>\t\t\t\t\t\t\t\t<\/div>\n\t\t\t\t<\/div>\n\t\t\t\t<div class=\"elementor-element elementor-element-96740ec elementor-widget elementor-widget-image\" data-id=\"96740ec\" data-element_type=\"widget\" data-e-type=\"widget\" data-settings=\"{&quot;_animation_mobile&quot;:&quot;fadeIn&quot;}\" data-widget_type=\"image.default\">\n\t\t\t\t<div class=\"elementor-widget-container\">\n\t\t\t\t\t\t\t\t\t\t\t\t\t\t\t<img fetchpriority=\"high\" decoding=\"async\" width=\"683\" height=\"1024\" src=\"https:\/\/atalaya-atelier.fr\/wp-content\/uploads\/2023\/12\/DSC_8675-Edit-683x1024.jpg\" class=\"attachment-large size-large wp-image-1899\" alt=\"\" srcset=\"https:\/\/atalaya-atelier.fr\/wp-content\/uploads\/2023\/12\/DSC_8675-Edit-683x1024.jpg 683w, https:\/\/atalaya-atelier.fr\/wp-content\/uploads\/2023\/12\/DSC_8675-Edit-200x300.jpg 200w, https:\/\/atalaya-atelier.fr\/wp-content\/uploads\/2023\/12\/DSC_8675-Edit-768x1152.jpg 768w, https:\/\/atalaya-atelier.fr\/wp-content\/uploads\/2023\/12\/DSC_8675-Edit-1024x1536.jpg 1024w, https:\/\/atalaya-atelier.fr\/wp-content\/uploads\/2023\/12\/DSC_8675-Edit-1365x2048.jpg 1365w, https:\/\/atalaya-atelier.fr\/wp-content\/uploads\/2023\/12\/DSC_8675-Edit-600x900.jpg 600w, https:\/\/atalaya-atelier.fr\/wp-content\/uploads\/2023\/12\/DSC_8675-Edit-scaled.jpg 1707w\" sizes=\"(max-width: 683px) 100vw, 683px\" \/>\t\t\t\t\t\t\t\t\t\t\t\t\t\t\t<\/div>\n\t\t\t\t<\/div>\n\t\t\t\t<\/div>\n\t\t\t\t\t<\/div>\n\t\t\t\t<\/div>\n\t\t<div class=\"elementor-element elementor-element-e3d7136 animated-slow e-flex e-con-boxed elementor-invisible e-con e-parent\" data-id=\"e3d7136\" data-element_type=\"container\" data-e-type=\"container\" data-settings=\"{&quot;background_background&quot;:&quot;classic&quot;,&quot;animation&quot;:&quot;fadeIn&quot;,&quot;animation_delay&quot;:100}\">\n\t\t\t\t\t<div class=\"e-con-inner\">\n\t\t<div class=\"elementor-element elementor-element-032602f e-con-full elementor-hidden-mobile e-flex e-con e-child\" data-id=\"032602f\" data-element_type=\"container\" data-e-type=\"container\">\n\t\t\t\t<div class=\"elementor-element elementor-element-f1bb0ea elementor-widget elementor-widget-heading\" data-id=\"f1bb0ea\" data-element_type=\"widget\" data-e-type=\"widget\" data-widget_type=\"heading.default\">\n\t\t\t\t<div class=\"elementor-widget-container\">\n\t\t\t\t\t<h2 class=\"elementor-heading-title elementor-size-default\">Bienvenue <br>dans l\u2019atelier<\/h2>\t\t\t\t<\/div>\n\t\t\t\t<\/div>\n\t\t\t\t<div class=\"elementor-element elementor-element-9ee7bcf animated-slow elementor-invisible elementor-widget elementor-widget-text-editor\" data-id=\"9ee7bcf\" data-element_type=\"widget\" data-e-type=\"widget\" data-settings=\"{&quot;_animation&quot;:&quot;fadeIn&quot;,&quot;_animation_delay&quot;:200}\" data-widget_type=\"text-editor.default\">\n\t\t\t\t<div class=\"elementor-widget-container\">\n\t\t\t\t\t\t\t\t\t<div class=\"page\" title=\"Page 1\"><div class=\"layoutArea\"><div class=\"column\"><p>situ\u00e9 au c\u0153ur de la Provence, entre la Montagne Sainte-Victoire et les Calanques marseillaises. Ici, la conception de chaque bijou prend vie a\u0300 partir des esquisses et dessins de la cre\u0301atrice qui fusionne habilement savoir-faire et modernite\u0301 pour re\u0301aliser chaque mode\u0300le. Entrez dans le myste\u0300re de la naissance d\u2019un bijou, dans l\u2019atelier Atalaya.<\/p><\/div><\/div><\/div>\t\t\t\t\t\t\t\t<\/div>\n\t\t\t\t<\/div>\n\t\t\t\t<div class=\"elementor-element elementor-element-3a437aa elementor-widget elementor-widget-image\" data-id=\"3a437aa\" data-element_type=\"widget\" data-e-type=\"widget\" data-widget_type=\"image.default\">\n\t\t\t\t<div class=\"elementor-widget-container\">\n\t\t\t\t\t\t\t\t\t\t\t\t\t\t\t<img decoding=\"async\" width=\"800\" height=\"534\" data-src=\"https:\/\/atalaya-atelier.fr\/wp-content\/uploads\/2023\/12\/DSC_8681-Edit-1024x683.jpg\" class=\"attachment-large size-large wp-image-1953 lazyload\" alt=\"\" data-srcset=\"https:\/\/atalaya-atelier.fr\/wp-content\/uploads\/2023\/12\/DSC_8681-Edit-1024x683.jpg 1024w, https:\/\/atalaya-atelier.fr\/wp-content\/uploads\/2023\/12\/DSC_8681-Edit-300x200.jpg 300w, https:\/\/atalaya-atelier.fr\/wp-content\/uploads\/2023\/12\/DSC_8681-Edit-768x512.jpg 768w, https:\/\/atalaya-atelier.fr\/wp-content\/uploads\/2023\/12\/DSC_8681-Edit-1536x1024.jpg 1536w, https:\/\/atalaya-atelier.fr\/wp-content\/uploads\/2023\/12\/DSC_8681-Edit-2048x1365.jpg 2048w, https:\/\/atalaya-atelier.fr\/wp-content\/uploads\/2023\/12\/DSC_8681-Edit-600x400.jpg 600w\" data-sizes=\"(max-width: 800px) 100vw, 800px\" src=\"data:image\/svg+xml;base64,PHN2ZyB3aWR0aD0iMSIgaGVpZ2h0PSIxIiB4bWxucz0iaHR0cDovL3d3dy53My5vcmcvMjAwMC9zdmciPjwvc3ZnPg==\" style=\"--smush-placeholder-width: 800px; --smush-placeholder-aspect-ratio: 800\/534;\" \/>\t\t\t\t\t\t\t\t\t\t\t\t\t\t\t<\/div>\n\t\t\t\t<\/div>\n\t\t\t\t<\/div>\n\t\t<div class=\"elementor-element elementor-element-bbd9e8d e-con-full elementor-hidden-mobile e-flex e-con e-child\" data-id=\"bbd9e8d\" data-element_type=\"container\" data-e-type=\"container\">\n\t\t\t\t<div class=\"elementor-element elementor-element-85a3744 elementor-widget elementor-widget-image\" data-id=\"85a3744\" data-element_type=\"widget\" data-e-type=\"widget\" data-widget_type=\"image.default\">\n\t\t\t\t<div class=\"elementor-widget-container\">\n\t\t\t\t\t\t\t\t\t\t\t\t\t\t\t<img fetchpriority=\"high\" decoding=\"async\" width=\"683\" height=\"1024\" src=\"https:\/\/atalaya-atelier.fr\/wp-content\/uploads\/2023\/12\/DSC_8675-Edit-683x1024.jpg\" class=\"attachment-large size-large wp-image-1899\" alt=\"\" srcset=\"https:\/\/atalaya-atelier.fr\/wp-content\/uploads\/2023\/12\/DSC_8675-Edit-683x1024.jpg 683w, https:\/\/atalaya-atelier.fr\/wp-content\/uploads\/2023\/12\/DSC_8675-Edit-200x300.jpg 200w, https:\/\/atalaya-atelier.fr\/wp-content\/uploads\/2023\/12\/DSC_8675-Edit-768x1152.jpg 768w, https:\/\/atalaya-atelier.fr\/wp-content\/uploads\/2023\/12\/DSC_8675-Edit-1024x1536.jpg 1024w, https:\/\/atalaya-atelier.fr\/wp-content\/uploads\/2023\/12\/DSC_8675-Edit-1365x2048.jpg 1365w, https:\/\/atalaya-atelier.fr\/wp-content\/uploads\/2023\/12\/DSC_8675-Edit-600x900.jpg 600w, https:\/\/atalaya-atelier.fr\/wp-content\/uploads\/2023\/12\/DSC_8675-Edit-scaled.jpg 1707w\" sizes=\"(max-width: 683px) 100vw, 683px\" \/>\t\t\t\t\t\t\t\t\t\t\t\t\t\t\t<\/div>\n\t\t\t\t<\/div>\n\t\t\t\t<\/div>\n\t\t<div class=\"elementor-element elementor-element-0827450 e-con-full animated-slow e-flex elementor-invisible e-con e-child\" data-id=\"0827450\" data-element_type=\"container\" data-e-type=\"container\" data-settings=\"{&quot;animation&quot;:&quot;fadeIn&quot;,&quot;animation_delay&quot;:200}\">\n\t\t\t\t<div class=\"elementor-element elementor-element-a93f30d elementor-widget elementor-widget-heading\" data-id=\"a93f30d\" data-element_type=\"widget\" data-e-type=\"widget\" data-widget_type=\"heading.default\">\n\t\t\t\t<div class=\"elementor-widget-container\">\n\t\t\t\t\t<h2 class=\"elementor-heading-title elementor-size-default\">La marque<\/h2>\t\t\t\t<\/div>\n\t\t\t\t<\/div>\n\t\t\t\t<div class=\"elementor-element elementor-element-9f66387 animated-slow elementor-invisible elementor-widget elementor-widget-text-editor\" data-id=\"9f66387\" data-element_type=\"widget\" data-e-type=\"widget\" data-settings=\"{&quot;_animation&quot;:&quot;fadeIn&quot;,&quot;_animation_delay&quot;:200}\" data-widget_type=\"text-editor.default\">\n\t\t\t\t<div class=\"elementor-widget-container\">\n\t\t\t\t\t\t\t\t\t<p>Cr\u00e9\u00e9e en 2020 par Cecilia Torres Morillo, la marque Atalaya \u00e9volue vers un travail exigeant et rigoureux, mettant en avant le savoir-faire au service de la cr\u00e9ativit\u00e9.<\/p><p>Son exp\u00e9rience de danseuse professionnelle, au sein d\u2019une Compagnie renomm\u00e9e et les ann\u00e9es de tourn\u00e9es dans le monde entier nourrissent aujourd\u2019hui Cecilia dans la cr\u00e9ation de ses bijoux. Elle puise son inspiration dans les souvenirs de ces voyages, entrem\u00ealant influences artistiques, culturelles et architecturales.<\/p><p>Son engagement est celui de la cr\u00e9ativit\u00e9 et de l\u2019exigence de qualit\u00e9, alli\u00e9s au savoir-faire artisanal fran\u00e7ais. Les formes \u00e9pur\u00e9es de ses cr\u00e9ations visent \u00e0 inspirer confiance et s\u00e9r\u00e9nit\u00e9 aux femmes qui les porteront. Bienvenue dans l&rsquo;univers o\u00f9 chaque bijou est une \u0153uvre d&rsquo;art, fusionnant cr\u00e9ativit\u00e9, qualit\u00e9 et \u00e9l\u00e9gance intemporelle.<\/p>\t\t\t\t\t\t\t\t<\/div>\n\t\t\t\t<\/div>\n\t\t\t\t<div class=\"elementor-element elementor-element-3f5b902 elementor-widget elementor-widget-button\" data-id=\"3f5b902\" data-element_type=\"widget\" data-e-type=\"widget\" data-widget_type=\"button.default\">\n\t\t\t\t<div class=\"elementor-widget-container\">\n\t\t\t\t\t\t\t\t\t<div class=\"elementor-button-wrapper\">\n\t\t\t\t\t<a class=\"elementor-button elementor-button-link elementor-size-sm elementor-animation-float\" href=\"https:\/\/atalaya-atelier.fr\/es\/les-bijoux\/\">\n\t\t\t\t\t\t<span class=\"elementor-button-content-wrapper\">\n\t\t\t\t\t\t\t\t\t<span class=\"elementor-button-text\">Les bijoux<\/span>\n\t\t\t\t\t<\/span>\n\t\t\t\t\t<\/a>\n\t\t\t\t<\/div>\n\t\t\t\t\t\t\t\t<\/div>\n\t\t\t\t<\/div>\n\t\t\t\t<div class=\"elementor-element elementor-element-407bc55 elementor-hidden-desktop elementor-hidden-tablet elementor-widget elementor-widget-image\" data-id=\"407bc55\" data-element_type=\"widget\" data-e-type=\"widget\" data-settings=\"{&quot;_animation_mobile&quot;:&quot;fadeIn&quot;}\" data-widget_type=\"image.default\">\n\t\t\t\t<div class=\"elementor-widget-container\">\n\t\t\t\t\t\t\t\t\t\t\t\t\t\t\t<img decoding=\"async\" width=\"800\" height=\"534\" data-src=\"https:\/\/atalaya-atelier.fr\/wp-content\/uploads\/2023\/12\/DSC_8681-Edit-1024x683.jpg\" class=\"attachment-large size-large wp-image-1953 lazyload\" alt=\"\" data-srcset=\"https:\/\/atalaya-atelier.fr\/wp-content\/uploads\/2023\/12\/DSC_8681-Edit-1024x683.jpg 1024w, https:\/\/atalaya-atelier.fr\/wp-content\/uploads\/2023\/12\/DSC_8681-Edit-300x200.jpg 300w, https:\/\/atalaya-atelier.fr\/wp-content\/uploads\/2023\/12\/DSC_8681-Edit-768x512.jpg 768w, https:\/\/atalaya-atelier.fr\/wp-content\/uploads\/2023\/12\/DSC_8681-Edit-1536x1024.jpg 1536w, https:\/\/atalaya-atelier.fr\/wp-content\/uploads\/2023\/12\/DSC_8681-Edit-2048x1365.jpg 2048w, https:\/\/atalaya-atelier.fr\/wp-content\/uploads\/2023\/12\/DSC_8681-Edit-600x400.jpg 600w\" data-sizes=\"(max-width: 800px) 100vw, 800px\" src=\"data:image\/svg+xml;base64,PHN2ZyB3aWR0aD0iMSIgaGVpZ2h0PSIxIiB4bWxucz0iaHR0cDovL3d3dy53My5vcmcvMjAwMC9zdmciPjwvc3ZnPg==\" style=\"--smush-placeholder-width: 800px; --smush-placeholder-aspect-ratio: 800\/534;\" \/>\t\t\t\t\t\t\t\t\t\t\t\t\t\t\t<\/div>\n\t\t\t\t<\/div>\n\t\t\t\t<\/div>\n\t\t\t\t\t<\/div>\n\t\t\t\t<\/div>\n\t\t\t\t<\/div>\n\t\t","protected":false},"excerpt":{"rendered":"<p>L&rsquo;atelier Bienvenue dans l\u2019atelier situ\u00e9 au c\u0153ur de la Provence, entre la Montagne Sainte-Victoire et les Calanques marseillaises. Ici, la conception de chaque bijou prend vie a\u0300 partir des esquisses et dessins de la cre\u0301atrice qui fusionne habilement savoir-faire et modernite\u0301 pour re\u0301aliser chaque mode\u0300le. Entrez dans le myste\u0300re de la naissance d\u2019un bijou, dans [&hellip;]<\/p>\n","protected":false},"author":1,"featured_media":0,"parent":0,"menu_order":0,"comment_status":"closed","ping_status":"closed","template":"","meta":{"_monsterinsights_skip_tracking":false,"_monsterinsights_sitenote_active":false,"_monsterinsights_sitenote_note":"","_monsterinsights_sitenote_category":0,"_uf_show_specific_survey":0,"_uf_disable_surveys":false,"footnotes":""},"class_list":["post-814","page","type-page","status-publish","hentry"],"yoast_head":"<!-- This site is optimized with the Yoast SEO plugin v27.5 - https:\/\/yoast.com\/product\/yoast-seo-wordpress\/ -->\n<title>L&#039;atelier - Atalaya - Atelier Del Sur<\/title>\n<meta name=\"robots\" content=\"index, follow, max-snippet:-1, max-image-preview:large, max-video-preview:-1\" \/>\n<link rel=\"canonical\" href=\"https:\/\/atalaya-atelier.fr\/es\/latelier\/\" \/>\n<meta property=\"og:locale\" content=\"es_ES\" \/>\n<meta property=\"og:type\" content=\"article\" \/>\n<meta property=\"og:title\" content=\"L&#039;atelier - Atalaya - Atelier Del Sur\" \/>\n<meta property=\"og:description\" content=\"L&rsquo;atelier Bienvenue dans l\u2019atelier situ\u00e9 au c\u0153ur de la Provence, entre la Montagne Sainte-Victoire et les Calanques marseillaises. Ici, la conception de chaque bijou prend vie a\u0300 partir des esquisses et dessins de la cre\u0301atrice qui fusionne habilement savoir-faire et modernite\u0301 pour re\u0301aliser chaque mode\u0300le. Entrez dans le myste\u0300re de la naissance d\u2019un bijou, dans [&hellip;]\" \/>\n<meta property=\"og:url\" content=\"https:\/\/atalaya-atelier.fr\/es\/latelier\/\" \/>\n<meta property=\"og:site_name\" content=\"Atalaya - Atelier Del Sur\" \/>\n<meta property=\"article:modified_time\" content=\"2023-12-13T22:08:02+00:00\" \/>\n<meta property=\"og:image\" content=\"https:\/\/atalaya-atelier.fr\/wp-content\/uploads\/2023\/12\/DSC_8675-Edit-683x1024.jpg\" \/>\n<meta name=\"twitter:card\" content=\"summary_large_image\" \/>\n<meta name=\"twitter:label1\" content=\"Tiempo de lectura\" \/>\n\t<meta name=\"twitter:data1\" content=\"2 minutos\" \/>\n<script type=\"application\/ld+json\" class=\"yoast-schema-graph\">{\"@context\":\"https:\\\/\\\/schema.org\",\"@graph\":[{\"@type\":\"WebPage\",\"@id\":\"https:\\\/\\\/atalaya-atelier.fr\\\/latelier\\\/\",\"url\":\"https:\\\/\\\/atalaya-atelier.fr\\\/latelier\\\/\",\"name\":\"L'atelier - Atalaya - Atelier Del Sur\",\"isPartOf\":{\"@id\":\"https:\\\/\\\/atalaya-atelier.fr\\\/#website\"},\"primaryImageOfPage\":{\"@id\":\"https:\\\/\\\/atalaya-atelier.fr\\\/latelier\\\/#primaryimage\"},\"image\":{\"@id\":\"https:\\\/\\\/atalaya-atelier.fr\\\/latelier\\\/#primaryimage\"},\"thumbnailUrl\":\"https:\\\/\\\/atalaya-atelier.fr\\\/wp-content\\\/uploads\\\/2023\\\/12\\\/DSC_8675-Edit-683x1024.jpg\",\"datePublished\":\"2023-11-26T21:30:23+00:00\",\"dateModified\":\"2023-12-13T22:08:02+00:00\",\"breadcrumb\":{\"@id\":\"https:\\\/\\\/atalaya-atelier.fr\\\/latelier\\\/#breadcrumb\"},\"inLanguage\":\"es\",\"potentialAction\":[{\"@type\":\"ReadAction\",\"target\":[\"https:\\\/\\\/atalaya-atelier.fr\\\/latelier\\\/\"]}]},{\"@type\":\"ImageObject\",\"inLanguage\":\"es\",\"@id\":\"https:\\\/\\\/atalaya-atelier.fr\\\/latelier\\\/#primaryimage\",\"url\":\"https:\\\/\\\/atalaya-atelier.fr\\\/wp-content\\\/uploads\\\/2023\\\/12\\\/DSC_8675-Edit-683x1024.jpg\",\"contentUrl\":\"https:\\\/\\\/atalaya-atelier.fr\\\/wp-content\\\/uploads\\\/2023\\\/12\\\/DSC_8675-Edit-683x1024.jpg\"},{\"@type\":\"BreadcrumbList\",\"@id\":\"https:\\\/\\\/atalaya-atelier.fr\\\/latelier\\\/#breadcrumb\",\"itemListElement\":[{\"@type\":\"ListItem\",\"position\":1,\"name\":\"Home\",\"item\":\"https:\\\/\\\/atalaya-atelier.fr\\\/\"},{\"@type\":\"ListItem\",\"position\":2,\"name\":\"L&#8217;atelier\"}]},{\"@type\":\"WebSite\",\"@id\":\"https:\\\/\\\/atalaya-atelier.fr\\\/#website\",\"url\":\"https:\\\/\\\/atalaya-atelier.fr\\\/\",\"name\":\"Atalaya - Atelier Del Sur\",\"description\":\"Bijoux fait main dans le sud de la France\",\"publisher\":{\"@id\":\"https:\\\/\\\/atalaya-atelier.fr\\\/#\\\/schema\\\/person\\\/4dd0245ee7202ab1b6cdcd89543e23b6\"},\"potentialAction\":[{\"@type\":\"SearchAction\",\"target\":{\"@type\":\"EntryPoint\",\"urlTemplate\":\"https:\\\/\\\/atalaya-atelier.fr\\\/?s={search_term_string}\"},\"query-input\":{\"@type\":\"PropertyValueSpecification\",\"valueRequired\":true,\"valueName\":\"search_term_string\"}}],\"inLanguage\":\"es\"},{\"@type\":[\"Person\",\"Organization\"],\"@id\":\"https:\\\/\\\/atalaya-atelier.fr\\\/#\\\/schema\\\/person\\\/4dd0245ee7202ab1b6cdcd89543e23b6\",\"name\":\"atalaya-atelier.fr\",\"image\":{\"@type\":\"ImageObject\",\"inLanguage\":\"es\",\"@id\":\"https:\\\/\\\/atalaya-atelier.fr\\\/wp-content\\\/uploads\\\/2023\\\/11\\\/Atalaya-green.png\",\"url\":\"https:\\\/\\\/atalaya-atelier.fr\\\/wp-content\\\/uploads\\\/2023\\\/11\\\/Atalaya-green.png\",\"contentUrl\":\"https:\\\/\\\/atalaya-atelier.fr\\\/wp-content\\\/uploads\\\/2023\\\/11\\\/Atalaya-green.png\",\"width\":577,\"height\":296,\"caption\":\"atalaya-atelier.fr\"},\"logo\":{\"@id\":\"https:\\\/\\\/atalaya-atelier.fr\\\/wp-content\\\/uploads\\\/2023\\\/11\\\/Atalaya-green.png\"},\"sameAs\":[\"http:\\\/\\\/atalaya-atelier.fr\",\"https:\\\/\\\/www.instagram.com\\\/atalaya.c?igshid=MzMyNGUyNmU2YQ\",\"https:\\\/\\\/www.pinterest.fr\\\/Atalayaatelier\\\/?invite_code=2cdeb6372bfe49b09d04ae91f83a12fb&sender=926123248280854284\"]}]}<\/script>\n<!-- \/ Yoast SEO plugin. -->","yoast_head_json":{"title":"L'atelier - Atalaya - Atelier Del Sur","robots":{"index":"index","follow":"follow","max-snippet":"max-snippet:-1","max-image-preview":"max-image-preview:large","max-video-preview":"max-video-preview:-1"},"canonical":"https:\/\/atalaya-atelier.fr\/es\/latelier\/","og_locale":"es_ES","og_type":"article","og_title":"L'atelier - Atalaya - Atelier Del Sur","og_description":"L&rsquo;atelier Bienvenue dans l\u2019atelier situ\u00e9 au c\u0153ur de la Provence, entre la Montagne Sainte-Victoire et les Calanques marseillaises. Ici, la conception de chaque bijou prend vie a\u0300 partir des esquisses et dessins de la cre\u0301atrice qui fusionne habilement savoir-faire et modernite\u0301 pour re\u0301aliser chaque mode\u0300le. Entrez dans le myste\u0300re de la naissance d\u2019un bijou, dans [&hellip;]","og_url":"https:\/\/atalaya-atelier.fr\/es\/latelier\/","og_site_name":"Atalaya - Atelier Del Sur","article_modified_time":"2023-12-13T22:08:02+00:00","og_image":[{"url":"https:\/\/atalaya-atelier.fr\/wp-content\/uploads\/2023\/12\/DSC_8675-Edit-683x1024.jpg","type":"","width":"","height":""}],"twitter_card":"summary_large_image","twitter_misc":{"Tiempo de lectura":"2 minutos"},"schema":{"@context":"https:\/\/schema.org","@graph":[{"@type":"WebPage","@id":"https:\/\/atalaya-atelier.fr\/latelier\/","url":"https:\/\/atalaya-atelier.fr\/latelier\/","name":"L'atelier - Atalaya - Atelier Del Sur","isPartOf":{"@id":"https:\/\/atalaya-atelier.fr\/#website"},"primaryImageOfPage":{"@id":"https:\/\/atalaya-atelier.fr\/latelier\/#primaryimage"},"image":{"@id":"https:\/\/atalaya-atelier.fr\/latelier\/#primaryimage"},"thumbnailUrl":"https:\/\/atalaya-atelier.fr\/wp-content\/uploads\/2023\/12\/DSC_8675-Edit-683x1024.jpg","datePublished":"2023-11-26T21:30:23+00:00","dateModified":"2023-12-13T22:08:02+00:00","breadcrumb":{"@id":"https:\/\/atalaya-atelier.fr\/latelier\/#breadcrumb"},"inLanguage":"es","potentialAction":[{"@type":"ReadAction","target":["https:\/\/atalaya-atelier.fr\/latelier\/"]}]},{"@type":"ImageObject","inLanguage":"es","@id":"https:\/\/atalaya-atelier.fr\/latelier\/#primaryimage","url":"https:\/\/atalaya-atelier.fr\/wp-content\/uploads\/2023\/12\/DSC_8675-Edit-683x1024.jpg","contentUrl":"https:\/\/atalaya-atelier.fr\/wp-content\/uploads\/2023\/12\/DSC_8675-Edit-683x1024.jpg"},{"@type":"BreadcrumbList","@id":"https:\/\/atalaya-atelier.fr\/latelier\/#breadcrumb","itemListElement":[{"@type":"ListItem","position":1,"name":"Home","item":"https:\/\/atalaya-atelier.fr\/"},{"@type":"ListItem","position":2,"name":"L&#8217;atelier"}]},{"@type":"WebSite","@id":"https:\/\/atalaya-atelier.fr\/#website","url":"https:\/\/atalaya-atelier.fr\/","name":"Atalaya - Atelier Del Sur","description":"Bijoux fait main dans le sud de la France","publisher":{"@id":"https:\/\/atalaya-atelier.fr\/#\/schema\/person\/4dd0245ee7202ab1b6cdcd89543e23b6"},"potentialAction":[{"@type":"SearchAction","target":{"@type":"EntryPoint","urlTemplate":"https:\/\/atalaya-atelier.fr\/?s={search_term_string}"},"query-input":{"@type":"PropertyValueSpecification","valueRequired":true,"valueName":"search_term_string"}}],"inLanguage":"es"},{"@type":["Person","Organization"],"@id":"https:\/\/atalaya-atelier.fr\/#\/schema\/person\/4dd0245ee7202ab1b6cdcd89543e23b6","name":"atalaya-atelier.fr","image":{"@type":"ImageObject","inLanguage":"es","@id":"https:\/\/atalaya-atelier.fr\/wp-content\/uploads\/2023\/11\/Atalaya-green.png","url":"https:\/\/atalaya-atelier.fr\/wp-content\/uploads\/2023\/11\/Atalaya-green.png","contentUrl":"https:\/\/atalaya-atelier.fr\/wp-content\/uploads\/2023\/11\/Atalaya-green.png","width":577,"height":296,"caption":"atalaya-atelier.fr"},"logo":{"@id":"https:\/\/atalaya-atelier.fr\/wp-content\/uploads\/2023\/11\/Atalaya-green.png"},"sameAs":["http:\/\/atalaya-atelier.fr","https:\/\/www.instagram.com\/atalaya.c?igshid=MzMyNGUyNmU2YQ","https:\/\/www.pinterest.fr\/Atalayaatelier\/?invite_code=2cdeb6372bfe49b09d04ae91f83a12fb&sender=926123248280854284"]}]}},"jetpack_sharing_enabled":true,"_links":{"self":[{"href":"https:\/\/atalaya-atelier.fr\/es\/wp-json\/wp\/v2\/pages\/814","targetHints":{"allow":["GET"]}}],"collection":[{"href":"https:\/\/atalaya-atelier.fr\/es\/wp-json\/wp\/v2\/pages"}],"about":[{"href":"https:\/\/atalaya-atelier.fr\/es\/wp-json\/wp\/v2\/types\/page"}],"author":[{"embeddable":true,"href":"https:\/\/atalaya-atelier.fr\/es\/wp-json\/wp\/v2\/users\/1"}],"replies":[{"embeddable":true,"href":"https:\/\/atalaya-atelier.fr\/es\/wp-json\/wp\/v2\/comments?post=814"}],"version-history":[{"count":101,"href":"https:\/\/atalaya-atelier.fr\/es\/wp-json\/wp\/v2\/pages\/814\/revisions"}],"predecessor-version":[{"id":2000,"href":"https:\/\/atalaya-atelier.fr\/es\/wp-json\/wp\/v2\/pages\/814\/revisions\/2000"}],"wp:attachment":[{"href":"https:\/\/atalaya-atelier.fr\/es\/wp-json\/wp\/v2\/media?parent=814"}],"curies":[{"name":"wp","href":"https:\/\/api.w.org\/{rel}","templated":true}]}}