{"id":173,"date":"2023-11-18T17:42:47","date_gmt":"2023-11-18T16:42:47","guid":{"rendered":"https:\/\/atalaya-atelier.fr\/?post_type=product&#038;p=173"},"modified":"2024-01-22T16:40:01","modified_gmt":"2024-01-22T15:40:01","slug":"bague-friso","status":"publish","type":"product","link":"https:\/\/atalaya-atelier.fr\/es\/shop\/bague-friso\/","title":{"rendered":"Anillo Friso"},"content":{"rendered":"<div class=\"page\" title=\"Page 1\">\n<div class=\"section\">\n<div class=\"layoutArea\">\n<div class=\"column\">\n<p><span style=\"font-weight: 300;\">El anillo Friso tiene una banda horizontal delicada que crea un fondo refinado para un motivo ornamental sutil. Inspirado en tradiciones art\u00edsticas, esculturales y arquitect\u00f3nicas, este anillo fusiona elegantemente el arte con la joyer\u00eda, aportando una dimensi\u00f3n art\u00edstica y atemporal a tu estilo.<\/span><\/p>\n<p>&nbsp;<\/p>\n<\/div>\n<\/div>\n<\/div>\n<\/div>","protected":false},"excerpt":{"rendered":"<p>Si no sabes qu\u00e9 talla de anillo utilizas, tienes dos soluciones a tu disposici\u00f3n:<\/p>\n<p>&nbsp;<\/p>\n<p>&nbsp;<\/p>\n<ol>\n<li>Acude a un joyero que te podr\u00e1 decir con mucha precisi\u00f3n cu\u00e1l es tu talla.<\/li>\n<li>Mesurer votre doigt au niveau le plus large, \u00e0 priori l\u2019articulation de la 2\u1d49 phalange, avec un m\u00e8tre ruban ou tout simplement une cordelette ou une bande de papier qu\u2019il vous suffira d\u2019entourer sur votre doigt, sans trop serrer.<br \/>\nSi la mesure est de 52 mm, par exemple, cela \u00e9quivaut \u00e0 une taille de bague de<br \/>\n52.<\/li>\n<\/ol>","protected":false},"featured_media":163,"template":"","meta":{"_monsterinsights_skip_tracking":false,"_monsterinsights_sitenote_active":false,"_monsterinsights_sitenote_note":"","_monsterinsights_sitenote_category":0,"_uf_show_specific_survey":0,"_uf_disable_surveys":false},"product_brand":[],"product_cat":[23,34],"product_tag":[],"class_list":{"0":"post-173","1":"product","2":"type-product","3":"status-publish","4":"has-post-thumbnail","6":"product_cat-bagues","7":"product_cat-voir-tout","8":"pa_taille-37","9":"pa_taille-38","10":"pa_taille-39","11":"pa_taille-40","12":"pa_taille-41","13":"pa_taille-42","14":"pa_taille-43","15":"pa_taille-44","16":"pa_taille-45","17":"pa_taille-46","18":"pa_taille-47","19":"pa_taille-48","21":"first","22":"instock","23":"shipping-taxable","24":"purchasable","25":"product-type-variable"},"yoast_head":"<!-- This site is optimized with the Yoast SEO plugin v27.4 - https:\/\/yoast.com\/product\/yoast-seo-wordpress\/ -->\n<title>Bague Friso - Atalaya - Atelier Del Sur<\/title>\n<meta name=\"robots\" content=\"index, follow, max-snippet:-1, max-image-preview:large, max-video-preview:-1\" \/>\n<link rel=\"canonical\" href=\"https:\/\/atalaya-atelier.fr\/es\/shop\/bague-friso\/\" \/>\n<meta property=\"og:locale\" content=\"es_ES\" \/>\n<meta property=\"og:type\" content=\"article\" \/>\n<meta property=\"og:title\" content=\"Bague Friso - Atalaya - Atelier Del Sur\" \/>\n<meta property=\"og:description\" content=\"Si vous ne connaissez pas la taille de votre bague, deux solutions s\u2019offrent \u00e0 vous :  &nbsp;  &nbsp;   Vous pr\u00e9senter chez un bijoutier qui pourra vous l\u2019indiquer tr\u00e8s pr\u00e9cis\u00e9ment.  Mesurer votre doigt au niveau le plus large, \u00e0 priori l\u2019articulation de la 2\u1d49 phalange, avec un m\u00e8tre ruban ou tout simplement une cordelette ou une bande de papier qu\u2019il vous suffira d\u2019entourer sur votre doigt, sans trop serrer. Si la mesure est de 52 mm, par exemple, cela \u00e9quivaut \u00e0 une taille de bague de 52.\" \/>\n<meta property=\"og:url\" content=\"https:\/\/atalaya-atelier.fr\/es\/shop\/bague-friso\/\" \/>\n<meta property=\"og:site_name\" content=\"Atalaya - Atelier Del Sur\" \/>\n<meta property=\"article:modified_time\" content=\"2024-01-22T15:40:01+00:00\" \/>\n<meta property=\"og:image\" content=\"https:\/\/atalaya-atelier.fr\/wp-content\/uploads\/2023\/11\/Anillo-2.jpg\" \/>\n\t<meta property=\"og:image:width\" content=\"1080\" \/>\n\t<meta property=\"og:image:height\" content=\"1080\" \/>\n\t<meta property=\"og:image:type\" content=\"image\/jpeg\" \/>\n<meta name=\"twitter:card\" content=\"summary_large_image\" \/>\n<meta name=\"twitter:label1\" content=\"Tiempo de lectura\" \/>\n\t<meta name=\"twitter:data1\" content=\"1 minuto\" \/>\n<script type=\"application\/ld+json\" class=\"yoast-schema-graph\">{\"@context\":\"https:\\\/\\\/schema.org\",\"@graph\":[{\"@type\":\"WebPage\",\"@id\":\"https:\\\/\\\/atalaya-atelier.fr\\\/shop\\\/bague-friso\\\/\",\"url\":\"https:\\\/\\\/atalaya-atelier.fr\\\/shop\\\/bague-friso\\\/\",\"name\":\"Bague Friso - Atalaya - Atelier Del Sur\",\"isPartOf\":{\"@id\":\"https:\\\/\\\/atalaya-atelier.fr\\\/#website\"},\"primaryImageOfPage\":{\"@id\":\"https:\\\/\\\/atalaya-atelier.fr\\\/shop\\\/bague-friso\\\/#primaryimage\"},\"image\":{\"@id\":\"https:\\\/\\\/atalaya-atelier.fr\\\/shop\\\/bague-friso\\\/#primaryimage\"},\"thumbnailUrl\":\"https:\\\/\\\/atalaya-atelier.fr\\\/wp-content\\\/uploads\\\/2023\\\/11\\\/Anillo-2.jpg\",\"datePublished\":\"2023-11-18T16:42:47+00:00\",\"dateModified\":\"2024-01-22T15:40:01+00:00\",\"breadcrumb\":{\"@id\":\"https:\\\/\\\/atalaya-atelier.fr\\\/shop\\\/bague-friso\\\/#breadcrumb\"},\"inLanguage\":\"es\",\"potentialAction\":[{\"@type\":\"ReadAction\",\"target\":[\"https:\\\/\\\/atalaya-atelier.fr\\\/shop\\\/bague-friso\\\/\"]}]},{\"@type\":\"ImageObject\",\"inLanguage\":\"es\",\"@id\":\"https:\\\/\\\/atalaya-atelier.fr\\\/shop\\\/bague-friso\\\/#primaryimage\",\"url\":\"https:\\\/\\\/atalaya-atelier.fr\\\/wp-content\\\/uploads\\\/2023\\\/11\\\/Anillo-2.jpg\",\"contentUrl\":\"https:\\\/\\\/atalaya-atelier.fr\\\/wp-content\\\/uploads\\\/2023\\\/11\\\/Anillo-2.jpg\",\"width\":1080,\"height\":1080},{\"@type\":\"BreadcrumbList\",\"@id\":\"https:\\\/\\\/atalaya-atelier.fr\\\/shop\\\/bague-friso\\\/#breadcrumb\",\"itemListElement\":[{\"@type\":\"ListItem\",\"position\":1,\"name\":\"Home\",\"item\":\"https:\\\/\\\/atalaya-atelier.fr\\\/\"},{\"@type\":\"ListItem\",\"position\":2,\"name\":\"Shop\",\"item\":\"https:\\\/\\\/atalaya-atelier.fr\\\/shop\\\/\"},{\"@type\":\"ListItem\",\"position\":3,\"name\":\"Bague Friso\"}]},{\"@type\":\"WebSite\",\"@id\":\"https:\\\/\\\/atalaya-atelier.fr\\\/#website\",\"url\":\"https:\\\/\\\/atalaya-atelier.fr\\\/\",\"name\":\"Atalaya - Atelier Del Sur\",\"description\":\"Bijoux fait main dans le sud de la France\",\"publisher\":{\"@id\":\"https:\\\/\\\/atalaya-atelier.fr\\\/#\\\/schema\\\/person\\\/4dd0245ee7202ab1b6cdcd89543e23b6\"},\"potentialAction\":[{\"@type\":\"SearchAction\",\"target\":{\"@type\":\"EntryPoint\",\"urlTemplate\":\"https:\\\/\\\/atalaya-atelier.fr\\\/?s={search_term_string}\"},\"query-input\":{\"@type\":\"PropertyValueSpecification\",\"valueRequired\":true,\"valueName\":\"search_term_string\"}}],\"inLanguage\":\"es\"},{\"@type\":[\"Person\",\"Organization\"],\"@id\":\"https:\\\/\\\/atalaya-atelier.fr\\\/#\\\/schema\\\/person\\\/4dd0245ee7202ab1b6cdcd89543e23b6\",\"name\":\"atalaya-atelier.fr\",\"image\":{\"@type\":\"ImageObject\",\"inLanguage\":\"es\",\"@id\":\"https:\\\/\\\/atalaya-atelier.fr\\\/wp-content\\\/uploads\\\/2023\\\/11\\\/Atalaya-green.png\",\"url\":\"https:\\\/\\\/atalaya-atelier.fr\\\/wp-content\\\/uploads\\\/2023\\\/11\\\/Atalaya-green.png\",\"contentUrl\":\"https:\\\/\\\/atalaya-atelier.fr\\\/wp-content\\\/uploads\\\/2023\\\/11\\\/Atalaya-green.png\",\"width\":577,\"height\":296,\"caption\":\"atalaya-atelier.fr\"},\"logo\":{\"@id\":\"https:\\\/\\\/atalaya-atelier.fr\\\/wp-content\\\/uploads\\\/2023\\\/11\\\/Atalaya-green.png\"},\"sameAs\":[\"http:\\\/\\\/atalaya-atelier.fr\",\"https:\\\/\\\/www.instagram.com\\\/atalaya.c?igshid=MzMyNGUyNmU2YQ\",\"https:\\\/\\\/www.pinterest.fr\\\/Atalayaatelier\\\/?invite_code=2cdeb6372bfe49b09d04ae91f83a12fb&sender=926123248280854284\"]}]}<\/script>\n<!-- \/ Yoast SEO plugin. -->","yoast_head_json":{"title":"Bague Friso - Atalaya - Atelier Del Sur","robots":{"index":"index","follow":"follow","max-snippet":"max-snippet:-1","max-image-preview":"max-image-preview:large","max-video-preview":"max-video-preview:-1"},"canonical":"https:\/\/atalaya-atelier.fr\/es\/shop\/bague-friso\/","og_locale":"es_ES","og_type":"article","og_title":"Bague Friso - Atalaya - Atelier Del Sur","og_description":"Si vous ne connaissez pas la taille de votre bague, deux solutions s\u2019offrent \u00e0 vous :  &nbsp;  &nbsp;   Vous pr\u00e9senter chez un bijoutier qui pourra vous l\u2019indiquer tr\u00e8s pr\u00e9cis\u00e9ment.  Mesurer votre doigt au niveau le plus large, \u00e0 priori l\u2019articulation de la 2\u1d49 phalange, avec un m\u00e8tre ruban ou tout simplement une cordelette ou une bande de papier qu\u2019il vous suffira d\u2019entourer sur votre doigt, sans trop serrer. Si la mesure est de 52 mm, par exemple, cela \u00e9quivaut \u00e0 une taille de bague de 52.","og_url":"https:\/\/atalaya-atelier.fr\/es\/shop\/bague-friso\/","og_site_name":"Atalaya - Atelier Del Sur","article_modified_time":"2024-01-22T15:40:01+00:00","og_image":[{"width":1080,"height":1080,"url":"https:\/\/atalaya-atelier.fr\/wp-content\/uploads\/2023\/11\/Anillo-2.jpg","type":"image\/jpeg"}],"twitter_card":"summary_large_image","twitter_misc":{"Tiempo de lectura":"1 minuto"},"schema":{"@context":"https:\/\/schema.org","@graph":[{"@type":"WebPage","@id":"https:\/\/atalaya-atelier.fr\/shop\/bague-friso\/","url":"https:\/\/atalaya-atelier.fr\/shop\/bague-friso\/","name":"Bague Friso - Atalaya - Atelier Del Sur","isPartOf":{"@id":"https:\/\/atalaya-atelier.fr\/#website"},"primaryImageOfPage":{"@id":"https:\/\/atalaya-atelier.fr\/shop\/bague-friso\/#primaryimage"},"image":{"@id":"https:\/\/atalaya-atelier.fr\/shop\/bague-friso\/#primaryimage"},"thumbnailUrl":"https:\/\/atalaya-atelier.fr\/wp-content\/uploads\/2023\/11\/Anillo-2.jpg","datePublished":"2023-11-18T16:42:47+00:00","dateModified":"2024-01-22T15:40:01+00:00","breadcrumb":{"@id":"https:\/\/atalaya-atelier.fr\/shop\/bague-friso\/#breadcrumb"},"inLanguage":"es","potentialAction":[{"@type":"ReadAction","target":["https:\/\/atalaya-atelier.fr\/shop\/bague-friso\/"]}]},{"@type":"ImageObject","inLanguage":"es","@id":"https:\/\/atalaya-atelier.fr\/shop\/bague-friso\/#primaryimage","url":"https:\/\/atalaya-atelier.fr\/wp-content\/uploads\/2023\/11\/Anillo-2.jpg","contentUrl":"https:\/\/atalaya-atelier.fr\/wp-content\/uploads\/2023\/11\/Anillo-2.jpg","width":1080,"height":1080},{"@type":"BreadcrumbList","@id":"https:\/\/atalaya-atelier.fr\/shop\/bague-friso\/#breadcrumb","itemListElement":[{"@type":"ListItem","position":1,"name":"Home","item":"https:\/\/atalaya-atelier.fr\/"},{"@type":"ListItem","position":2,"name":"Shop","item":"https:\/\/atalaya-atelier.fr\/shop\/"},{"@type":"ListItem","position":3,"name":"Bague Friso"}]},{"@type":"WebSite","@id":"https:\/\/atalaya-atelier.fr\/#website","url":"https:\/\/atalaya-atelier.fr\/","name":"Atalaya - Atelier Del Sur","description":"Bijoux fait main dans le sud de la France","publisher":{"@id":"https:\/\/atalaya-atelier.fr\/#\/schema\/person\/4dd0245ee7202ab1b6cdcd89543e23b6"},"potentialAction":[{"@type":"SearchAction","target":{"@type":"EntryPoint","urlTemplate":"https:\/\/atalaya-atelier.fr\/?s={search_term_string}"},"query-input":{"@type":"PropertyValueSpecification","valueRequired":true,"valueName":"search_term_string"}}],"inLanguage":"es"},{"@type":["Person","Organization"],"@id":"https:\/\/atalaya-atelier.fr\/#\/schema\/person\/4dd0245ee7202ab1b6cdcd89543e23b6","name":"atalaya-atelier.fr","image":{"@type":"ImageObject","inLanguage":"es","@id":"https:\/\/atalaya-atelier.fr\/wp-content\/uploads\/2023\/11\/Atalaya-green.png","url":"https:\/\/atalaya-atelier.fr\/wp-content\/uploads\/2023\/11\/Atalaya-green.png","contentUrl":"https:\/\/atalaya-atelier.fr\/wp-content\/uploads\/2023\/11\/Atalaya-green.png","width":577,"height":296,"caption":"atalaya-atelier.fr"},"logo":{"@id":"https:\/\/atalaya-atelier.fr\/wp-content\/uploads\/2023\/11\/Atalaya-green.png"},"sameAs":["http:\/\/atalaya-atelier.fr","https:\/\/www.instagram.com\/atalaya.c?igshid=MzMyNGUyNmU2YQ","https:\/\/www.pinterest.fr\/Atalayaatelier\/?invite_code=2cdeb6372bfe49b09d04ae91f83a12fb&sender=926123248280854284"]}]}},"jetpack_sharing_enabled":true,"_links":{"self":[{"href":"https:\/\/atalaya-atelier.fr\/es\/wp-json\/wp\/v2\/product\/173","targetHints":{"allow":["GET"]}}],"collection":[{"href":"https:\/\/atalaya-atelier.fr\/es\/wp-json\/wp\/v2\/product"}],"about":[{"href":"https:\/\/atalaya-atelier.fr\/es\/wp-json\/wp\/v2\/types\/product"}],"wp:featuredmedia":[{"embeddable":true,"href":"https:\/\/atalaya-atelier.fr\/es\/wp-json\/wp\/v2\/media\/163"}],"wp:attachment":[{"href":"https:\/\/atalaya-atelier.fr\/es\/wp-json\/wp\/v2\/media?parent=173"}],"wp:term":[{"taxonomy":"product_brand","embeddable":true,"href":"https:\/\/atalaya-atelier.fr\/es\/wp-json\/wp\/v2\/product_brand?post=173"},{"taxonomy":"product_cat","embeddable":true,"href":"https:\/\/atalaya-atelier.fr\/es\/wp-json\/wp\/v2\/product_cat?post=173"},{"taxonomy":"product_tag","embeddable":true,"href":"https:\/\/atalaya-atelier.fr\/es\/wp-json\/wp\/v2\/product_tag?post=173"}],"curies":[{"name":"wp","href":"https:\/\/api.w.org\/{rel}","templated":true}]}}