{"id":182,"date":"2023-11-18T17:53:54","date_gmt":"2023-11-18T16:53:54","guid":{"rendered":"https:\/\/atalaya-atelier.fr\/?post_type=product&#038;p=182"},"modified":"2025-09-26T18:51:38","modified_gmt":"2025-09-26T16:51:38","slug":"collier-lena","status":"publish","type":"product","link":"https:\/\/atalaya-atelier.fr\/es\/shop\/collier-lena\/","title":{"rendered":"Collar Lena"},"content":{"rendered":"<div class=\"page\" title=\"Page 1\">\n<div class=\"section\">\n<div class=\"layoutArea\">\n<div class=\"column\">\n<p><span style=\"font-weight: 300;\">Este collar rom\u00e1ntico est\u00e1 adornado con tres delicadas <\/span><span style=\"font-weight: 300;\">per<\/span><span style=\"font-weight: 300;\">las, colgadas de una cadena de eslabones dorados. Su dise\u00f1o elegante y sutil la convierte <\/span><span style=\"font-weight: 300;\">en una joya atemporal que capta la atenci\u00f3n por su simplicidad refinada.<\/span><\/p>\n<p>Longitud de la cadena: 45 cm<\/p>\n<\/div>\n<\/div>\n<\/div>\n<\/div>","protected":false},"excerpt":{"rendered":"<p>Ce collier romantique est orn\u00e9 de trois perles d&rsquo;eau douce d\u00e9licates, suspendues \u00e0 une cha\u00eene de maillons dor\u00e9s. Son design \u00e9l\u00e9gant et subtil en fait un bijou intemporel, captivant le regard par sa simplicit\u00e9 raffin\u00e9e. Longueur de la Cha\u00eene: 45cm<\/p>","protected":false},"featured_media":168,"template":"","meta":{"_monsterinsights_skip_tracking":false,"_monsterinsights_sitenote_active":false,"_monsterinsights_sitenote_note":"","_monsterinsights_sitenote_category":0,"_uf_show_specific_survey":0,"_uf_disable_surveys":false},"product_brand":[],"product_cat":[26,34],"product_tag":[],"class_list":{"0":"post-182","1":"product","2":"type-product","3":"status-publish","4":"has-post-thumbnail","6":"product_cat-colliers","7":"product_cat-voir-tout","9":"first","10":"instock","11":"shipping-taxable","12":"purchasable","13":"product-type-simple"},"yoast_head":"<!-- This site is optimized with the Yoast SEO plugin v27.4 - https:\/\/yoast.com\/product\/yoast-seo-wordpress\/ -->\n<title>Collier Lena - Atalaya - Atelier Del Sur<\/title>\n<meta name=\"robots\" content=\"index, follow, max-snippet:-1, max-image-preview:large, max-video-preview:-1\" \/>\n<link rel=\"canonical\" href=\"https:\/\/atalaya-atelier.fr\/es\/shop\/collier-lena\/\" \/>\n<meta property=\"og:locale\" content=\"es_ES\" \/>\n<meta property=\"og:type\" content=\"article\" \/>\n<meta property=\"og:title\" content=\"Collier Lena - Atalaya - Atelier Del Sur\" \/>\n<meta property=\"og:description\" content=\"Ce collier romantique est orn\u00e9 de trois perles d&rsquo;eau douce d\u00e9licates, suspendues \u00e0 une cha\u00eene de maillons dor\u00e9s. Son design \u00e9l\u00e9gant et subtil en fait un bijou intemporel, captivant le regard par sa simplicit\u00e9 raffin\u00e9e. Longueur de la Cha\u00eene: 45cm\" \/>\n<meta property=\"og:url\" content=\"https:\/\/atalaya-atelier.fr\/es\/shop\/collier-lena\/\" \/>\n<meta property=\"og:site_name\" content=\"Atalaya - Atelier Del Sur\" \/>\n<meta property=\"article:modified_time\" content=\"2025-09-26T16:51:38+00:00\" \/>\n<meta property=\"og:image\" content=\"https:\/\/atalaya-atelier.fr\/wp-content\/uploads\/2023\/11\/Collar-5.jpg\" \/>\n\t<meta property=\"og:image:width\" content=\"1080\" \/>\n\t<meta property=\"og:image:height\" content=\"1080\" \/>\n\t<meta property=\"og:image:type\" content=\"image\/jpeg\" \/>\n<meta name=\"twitter:card\" content=\"summary_large_image\" \/>\n<meta name=\"twitter:label1\" content=\"Tiempo de lectura\" \/>\n\t<meta name=\"twitter:data1\" content=\"1 minuto\" \/>\n<script type=\"application\/ld+json\" class=\"yoast-schema-graph\">{\"@context\":\"https:\\\/\\\/schema.org\",\"@graph\":[{\"@type\":\"WebPage\",\"@id\":\"https:\\\/\\\/atalaya-atelier.fr\\\/shop\\\/collier-lena\\\/\",\"url\":\"https:\\\/\\\/atalaya-atelier.fr\\\/shop\\\/collier-lena\\\/\",\"name\":\"Collier Lena - Atalaya - Atelier Del Sur\",\"isPartOf\":{\"@id\":\"https:\\\/\\\/atalaya-atelier.fr\\\/#website\"},\"primaryImageOfPage\":{\"@id\":\"https:\\\/\\\/atalaya-atelier.fr\\\/shop\\\/collier-lena\\\/#primaryimage\"},\"image\":{\"@id\":\"https:\\\/\\\/atalaya-atelier.fr\\\/shop\\\/collier-lena\\\/#primaryimage\"},\"thumbnailUrl\":\"https:\\\/\\\/atalaya-atelier.fr\\\/wp-content\\\/uploads\\\/2023\\\/11\\\/Collar-5.jpg\",\"datePublished\":\"2023-11-18T16:53:54+00:00\",\"dateModified\":\"2025-09-26T16:51:38+00:00\",\"breadcrumb\":{\"@id\":\"https:\\\/\\\/atalaya-atelier.fr\\\/shop\\\/collier-lena\\\/#breadcrumb\"},\"inLanguage\":\"es\",\"potentialAction\":[{\"@type\":\"ReadAction\",\"target\":[\"https:\\\/\\\/atalaya-atelier.fr\\\/shop\\\/collier-lena\\\/\"]}]},{\"@type\":\"ImageObject\",\"inLanguage\":\"es\",\"@id\":\"https:\\\/\\\/atalaya-atelier.fr\\\/shop\\\/collier-lena\\\/#primaryimage\",\"url\":\"https:\\\/\\\/atalaya-atelier.fr\\\/wp-content\\\/uploads\\\/2023\\\/11\\\/Collar-5.jpg\",\"contentUrl\":\"https:\\\/\\\/atalaya-atelier.fr\\\/wp-content\\\/uploads\\\/2023\\\/11\\\/Collar-5.jpg\",\"width\":1080,\"height\":1080},{\"@type\":\"BreadcrumbList\",\"@id\":\"https:\\\/\\\/atalaya-atelier.fr\\\/shop\\\/collier-lena\\\/#breadcrumb\",\"itemListElement\":[{\"@type\":\"ListItem\",\"position\":1,\"name\":\"Home\",\"item\":\"https:\\\/\\\/atalaya-atelier.fr\\\/\"},{\"@type\":\"ListItem\",\"position\":2,\"name\":\"Shop\",\"item\":\"https:\\\/\\\/atalaya-atelier.fr\\\/shop\\\/\"},{\"@type\":\"ListItem\",\"position\":3,\"name\":\"Collier Lena\"}]},{\"@type\":\"WebSite\",\"@id\":\"https:\\\/\\\/atalaya-atelier.fr\\\/#website\",\"url\":\"https:\\\/\\\/atalaya-atelier.fr\\\/\",\"name\":\"Atalaya - Atelier Del Sur\",\"description\":\"Bijoux fait main dans le sud de la France\",\"publisher\":{\"@id\":\"https:\\\/\\\/atalaya-atelier.fr\\\/#\\\/schema\\\/person\\\/4dd0245ee7202ab1b6cdcd89543e23b6\"},\"potentialAction\":[{\"@type\":\"SearchAction\",\"target\":{\"@type\":\"EntryPoint\",\"urlTemplate\":\"https:\\\/\\\/atalaya-atelier.fr\\\/?s={search_term_string}\"},\"query-input\":{\"@type\":\"PropertyValueSpecification\",\"valueRequired\":true,\"valueName\":\"search_term_string\"}}],\"inLanguage\":\"es\"},{\"@type\":[\"Person\",\"Organization\"],\"@id\":\"https:\\\/\\\/atalaya-atelier.fr\\\/#\\\/schema\\\/person\\\/4dd0245ee7202ab1b6cdcd89543e23b6\",\"name\":\"atalaya-atelier.fr\",\"image\":{\"@type\":\"ImageObject\",\"inLanguage\":\"es\",\"@id\":\"https:\\\/\\\/atalaya-atelier.fr\\\/wp-content\\\/uploads\\\/2023\\\/11\\\/Atalaya-green.png\",\"url\":\"https:\\\/\\\/atalaya-atelier.fr\\\/wp-content\\\/uploads\\\/2023\\\/11\\\/Atalaya-green.png\",\"contentUrl\":\"https:\\\/\\\/atalaya-atelier.fr\\\/wp-content\\\/uploads\\\/2023\\\/11\\\/Atalaya-green.png\",\"width\":577,\"height\":296,\"caption\":\"atalaya-atelier.fr\"},\"logo\":{\"@id\":\"https:\\\/\\\/atalaya-atelier.fr\\\/wp-content\\\/uploads\\\/2023\\\/11\\\/Atalaya-green.png\"},\"sameAs\":[\"http:\\\/\\\/atalaya-atelier.fr\",\"https:\\\/\\\/www.instagram.com\\\/atalaya.c?igshid=MzMyNGUyNmU2YQ\",\"https:\\\/\\\/www.pinterest.fr\\\/Atalayaatelier\\\/?invite_code=2cdeb6372bfe49b09d04ae91f83a12fb&sender=926123248280854284\"]}]}<\/script>\n<!-- \/ Yoast SEO plugin. -->","yoast_head_json":{"title":"Collier Lena - Atalaya - Atelier Del Sur","robots":{"index":"index","follow":"follow","max-snippet":"max-snippet:-1","max-image-preview":"max-image-preview:large","max-video-preview":"max-video-preview:-1"},"canonical":"https:\/\/atalaya-atelier.fr\/es\/shop\/collier-lena\/","og_locale":"es_ES","og_type":"article","og_title":"Collier Lena - Atalaya - Atelier Del Sur","og_description":"Ce collier romantique est orn\u00e9 de trois perles d&rsquo;eau douce d\u00e9licates, suspendues \u00e0 une cha\u00eene de maillons dor\u00e9s. Son design \u00e9l\u00e9gant et subtil en fait un bijou intemporel, captivant le regard par sa simplicit\u00e9 raffin\u00e9e. Longueur de la Cha\u00eene: 45cm","og_url":"https:\/\/atalaya-atelier.fr\/es\/shop\/collier-lena\/","og_site_name":"Atalaya - Atelier Del Sur","article_modified_time":"2025-09-26T16:51:38+00:00","og_image":[{"width":1080,"height":1080,"url":"https:\/\/atalaya-atelier.fr\/wp-content\/uploads\/2023\/11\/Collar-5.jpg","type":"image\/jpeg"}],"twitter_card":"summary_large_image","twitter_misc":{"Tiempo de lectura":"1 minuto"},"schema":{"@context":"https:\/\/schema.org","@graph":[{"@type":"WebPage","@id":"https:\/\/atalaya-atelier.fr\/shop\/collier-lena\/","url":"https:\/\/atalaya-atelier.fr\/shop\/collier-lena\/","name":"Collier Lena - Atalaya - Atelier Del Sur","isPartOf":{"@id":"https:\/\/atalaya-atelier.fr\/#website"},"primaryImageOfPage":{"@id":"https:\/\/atalaya-atelier.fr\/shop\/collier-lena\/#primaryimage"},"image":{"@id":"https:\/\/atalaya-atelier.fr\/shop\/collier-lena\/#primaryimage"},"thumbnailUrl":"https:\/\/atalaya-atelier.fr\/wp-content\/uploads\/2023\/11\/Collar-5.jpg","datePublished":"2023-11-18T16:53:54+00:00","dateModified":"2025-09-26T16:51:38+00:00","breadcrumb":{"@id":"https:\/\/atalaya-atelier.fr\/shop\/collier-lena\/#breadcrumb"},"inLanguage":"es","potentialAction":[{"@type":"ReadAction","target":["https:\/\/atalaya-atelier.fr\/shop\/collier-lena\/"]}]},{"@type":"ImageObject","inLanguage":"es","@id":"https:\/\/atalaya-atelier.fr\/shop\/collier-lena\/#primaryimage","url":"https:\/\/atalaya-atelier.fr\/wp-content\/uploads\/2023\/11\/Collar-5.jpg","contentUrl":"https:\/\/atalaya-atelier.fr\/wp-content\/uploads\/2023\/11\/Collar-5.jpg","width":1080,"height":1080},{"@type":"BreadcrumbList","@id":"https:\/\/atalaya-atelier.fr\/shop\/collier-lena\/#breadcrumb","itemListElement":[{"@type":"ListItem","position":1,"name":"Home","item":"https:\/\/atalaya-atelier.fr\/"},{"@type":"ListItem","position":2,"name":"Shop","item":"https:\/\/atalaya-atelier.fr\/shop\/"},{"@type":"ListItem","position":3,"name":"Collier Lena"}]},{"@type":"WebSite","@id":"https:\/\/atalaya-atelier.fr\/#website","url":"https:\/\/atalaya-atelier.fr\/","name":"Atalaya - Atelier Del Sur","description":"Bijoux fait main dans le sud de la France","publisher":{"@id":"https:\/\/atalaya-atelier.fr\/#\/schema\/person\/4dd0245ee7202ab1b6cdcd89543e23b6"},"potentialAction":[{"@type":"SearchAction","target":{"@type":"EntryPoint","urlTemplate":"https:\/\/atalaya-atelier.fr\/?s={search_term_string}"},"query-input":{"@type":"PropertyValueSpecification","valueRequired":true,"valueName":"search_term_string"}}],"inLanguage":"es"},{"@type":["Person","Organization"],"@id":"https:\/\/atalaya-atelier.fr\/#\/schema\/person\/4dd0245ee7202ab1b6cdcd89543e23b6","name":"atalaya-atelier.fr","image":{"@type":"ImageObject","inLanguage":"es","@id":"https:\/\/atalaya-atelier.fr\/wp-content\/uploads\/2023\/11\/Atalaya-green.png","url":"https:\/\/atalaya-atelier.fr\/wp-content\/uploads\/2023\/11\/Atalaya-green.png","contentUrl":"https:\/\/atalaya-atelier.fr\/wp-content\/uploads\/2023\/11\/Atalaya-green.png","width":577,"height":296,"caption":"atalaya-atelier.fr"},"logo":{"@id":"https:\/\/atalaya-atelier.fr\/wp-content\/uploads\/2023\/11\/Atalaya-green.png"},"sameAs":["http:\/\/atalaya-atelier.fr","https:\/\/www.instagram.com\/atalaya.c?igshid=MzMyNGUyNmU2YQ","https:\/\/www.pinterest.fr\/Atalayaatelier\/?invite_code=2cdeb6372bfe49b09d04ae91f83a12fb&sender=926123248280854284"]}]}},"jetpack_sharing_enabled":true,"_links":{"self":[{"href":"https:\/\/atalaya-atelier.fr\/es\/wp-json\/wp\/v2\/product\/182","targetHints":{"allow":["GET"]}}],"collection":[{"href":"https:\/\/atalaya-atelier.fr\/es\/wp-json\/wp\/v2\/product"}],"about":[{"href":"https:\/\/atalaya-atelier.fr\/es\/wp-json\/wp\/v2\/types\/product"}],"wp:featuredmedia":[{"embeddable":true,"href":"https:\/\/atalaya-atelier.fr\/es\/wp-json\/wp\/v2\/media\/168"}],"wp:attachment":[{"href":"https:\/\/atalaya-atelier.fr\/es\/wp-json\/wp\/v2\/media?parent=182"}],"wp:term":[{"taxonomy":"product_brand","embeddable":true,"href":"https:\/\/atalaya-atelier.fr\/es\/wp-json\/wp\/v2\/product_brand?post=182"},{"taxonomy":"product_cat","embeddable":true,"href":"https:\/\/atalaya-atelier.fr\/es\/wp-json\/wp\/v2\/product_cat?post=182"},{"taxonomy":"product_tag","embeddable":true,"href":"https:\/\/atalaya-atelier.fr\/es\/wp-json\/wp\/v2\/product_tag?post=182"}],"curies":[{"name":"wp","href":"https:\/\/api.w.org\/{rel}","templated":true}]}}