{"id":2176,"date":"2024-09-04T17:03:15","date_gmt":"2024-09-04T15:03:15","guid":{"rendered":"https:\/\/atalaya-atelier.fr\/?post_type=product&#038;p=2176"},"modified":"2025-11-16T17:07:09","modified_gmt":"2025-11-16T16:07:09","slug":"boucles-erevine","status":"publish","type":"product","link":"https:\/\/atalaya-atelier.fr\/es\/shop\/boucles-erevine\/","title":{"rendered":"Boucles  Erevine"},"content":{"rendered":"<p>Un bijou qui capture l&rsquo;essence des rochers des Calanques. Ces boucles d&rsquo;oreilles se distinguent par leur texture brute et naturelle. Trois perles d\u00e9licates ajoutent une touche de mouvement, tandis que la dorure subtilement travaill\u00e9e illumine votre visage refl\u00e8tent la lumi\u00e8re.<\/p>\n<p>Ces boucles sont parfaites pour celles qui cherchent \u00e0 allier modernit\u00e9 et intemporalit\u00e9, ajoutant une touche de caract\u00e8re \u00e0 chaque tenue.<\/p>\n<p>&nbsp;<\/p>\n<ul>\n<li>Dorure 2 microns<\/li>\n<li>Hauteur: 21mm<\/li>\n<li>Largeur: 13mm<\/li>\n<li>Poid individuel: 3,18gr<\/li>\n<\/ul>","protected":false},"excerpt":{"rendered":"<p>Un bijou qui capture l&rsquo;essence des rochers des Calanques. Ces boucles d&rsquo;oreilles se distinguent par leur texture brute et naturelle. Trois perles d\u00e9licates ajoutent une touche de mouvement, tandis que la dorure subtilement travaill\u00e9e illumine votre visage refl\u00e8tent la lumi\u00e8re. Ces boucles sont parfaites pour celles qui cherchent \u00e0 allier modernit\u00e9 et intemporalit\u00e9, ajoutant une [&hellip;]<\/p>\n","protected":false},"featured_media":2174,"template":"","meta":{"_monsterinsights_skip_tracking":false,"_monsterinsights_sitenote_active":false,"_monsterinsights_sitenote_note":"","_monsterinsights_sitenote_category":0,"_uf_show_specific_survey":0,"_uf_disable_surveys":false},"product_brand":[],"product_cat":[25,34],"product_tag":[],"class_list":{"0":"post-2176","1":"product","2":"type-product","3":"status-publish","4":"has-post-thumbnail","6":"product_cat-boucles-doreilles","7":"product_cat-voir-tout","9":"first","10":"instock","11":"shipping-taxable","12":"purchasable","13":"product-type-simple"},"yoast_head":"<!-- This site is optimized with the Yoast SEO plugin v27.4 - https:\/\/yoast.com\/product\/yoast-seo-wordpress\/ -->\n<title>Boucles Erevine - Atalaya - Atelier Del Sur<\/title>\n<meta name=\"robots\" content=\"index, follow, max-snippet:-1, max-image-preview:large, max-video-preview:-1\" \/>\n<link rel=\"canonical\" href=\"https:\/\/atalaya-atelier.fr\/es\/shop\/boucles-erevine\/\" \/>\n<meta property=\"og:locale\" content=\"es_ES\" \/>\n<meta property=\"og:type\" content=\"article\" \/>\n<meta property=\"og:title\" content=\"Boucles Erevine - Atalaya - Atelier Del Sur\" \/>\n<meta property=\"og:description\" content=\"Un bijou qui capture l&rsquo;essence des rochers des Calanques. Ces boucles d&rsquo;oreilles se distinguent par leur texture brute et naturelle. Trois perles d\u00e9licates ajoutent une touche de mouvement, tandis que la dorure subtilement travaill\u00e9e illumine votre visage refl\u00e8tent la lumi\u00e8re. Ces boucles sont parfaites pour celles qui cherchent \u00e0 allier modernit\u00e9 et intemporalit\u00e9, ajoutant une [&hellip;]\" \/>\n<meta property=\"og:url\" content=\"https:\/\/atalaya-atelier.fr\/es\/shop\/boucles-erevine\/\" \/>\n<meta property=\"og:site_name\" content=\"Atalaya - Atelier Del Sur\" \/>\n<meta property=\"article:modified_time\" content=\"2025-11-16T16:07:09+00:00\" \/>\n<meta property=\"og:image\" content=\"https:\/\/atalaya-atelier.fr\/wp-content\/uploads\/2024\/09\/IMG_20240831_163109_159-scaled.jpg\" \/>\n\t<meta property=\"og:image:width\" content=\"2560\" \/>\n\t<meta property=\"og:image:height\" content=\"2560\" \/>\n\t<meta property=\"og:image:type\" content=\"image\/jpeg\" \/>\n<meta name=\"twitter:card\" content=\"summary_large_image\" \/>\n<meta name=\"twitter:label1\" content=\"Tiempo de lectura\" \/>\n\t<meta name=\"twitter:data1\" content=\"1 minuto\" \/>\n<script type=\"application\/ld+json\" class=\"yoast-schema-graph\">{\"@context\":\"https:\\\/\\\/schema.org\",\"@graph\":[{\"@type\":\"WebPage\",\"@id\":\"https:\\\/\\\/atalaya-atelier.fr\\\/shop\\\/boucles-erevine\\\/\",\"url\":\"https:\\\/\\\/atalaya-atelier.fr\\\/shop\\\/boucles-erevine\\\/\",\"name\":\"Boucles Erevine - Atalaya - Atelier Del Sur\",\"isPartOf\":{\"@id\":\"https:\\\/\\\/atalaya-atelier.fr\\\/#website\"},\"primaryImageOfPage\":{\"@id\":\"https:\\\/\\\/atalaya-atelier.fr\\\/shop\\\/boucles-erevine\\\/#primaryimage\"},\"image\":{\"@id\":\"https:\\\/\\\/atalaya-atelier.fr\\\/shop\\\/boucles-erevine\\\/#primaryimage\"},\"thumbnailUrl\":\"https:\\\/\\\/atalaya-atelier.fr\\\/wp-content\\\/uploads\\\/2024\\\/09\\\/IMG_20240831_163109_159-scaled.jpg\",\"datePublished\":\"2024-09-04T15:03:15+00:00\",\"dateModified\":\"2025-11-16T16:07:09+00:00\",\"breadcrumb\":{\"@id\":\"https:\\\/\\\/atalaya-atelier.fr\\\/shop\\\/boucles-erevine\\\/#breadcrumb\"},\"inLanguage\":\"es\",\"potentialAction\":[{\"@type\":\"ReadAction\",\"target\":[\"https:\\\/\\\/atalaya-atelier.fr\\\/shop\\\/boucles-erevine\\\/\"]}]},{\"@type\":\"ImageObject\",\"inLanguage\":\"es\",\"@id\":\"https:\\\/\\\/atalaya-atelier.fr\\\/shop\\\/boucles-erevine\\\/#primaryimage\",\"url\":\"https:\\\/\\\/atalaya-atelier.fr\\\/wp-content\\\/uploads\\\/2024\\\/09\\\/IMG_20240831_163109_159-scaled.jpg\",\"contentUrl\":\"https:\\\/\\\/atalaya-atelier.fr\\\/wp-content\\\/uploads\\\/2024\\\/09\\\/IMG_20240831_163109_159-scaled.jpg\",\"width\":2560,\"height\":2560},{\"@type\":\"BreadcrumbList\",\"@id\":\"https:\\\/\\\/atalaya-atelier.fr\\\/shop\\\/boucles-erevine\\\/#breadcrumb\",\"itemListElement\":[{\"@type\":\"ListItem\",\"position\":1,\"name\":\"Home\",\"item\":\"https:\\\/\\\/atalaya-atelier.fr\\\/\"},{\"@type\":\"ListItem\",\"position\":2,\"name\":\"Shop\",\"item\":\"https:\\\/\\\/atalaya-atelier.fr\\\/shop\\\/\"},{\"@type\":\"ListItem\",\"position\":3,\"name\":\"Boucles Erevine\"}]},{\"@type\":\"WebSite\",\"@id\":\"https:\\\/\\\/atalaya-atelier.fr\\\/#website\",\"url\":\"https:\\\/\\\/atalaya-atelier.fr\\\/\",\"name\":\"Atalaya - Atelier Del Sur\",\"description\":\"Bijoux fait main dans le sud de la France\",\"publisher\":{\"@id\":\"https:\\\/\\\/atalaya-atelier.fr\\\/#\\\/schema\\\/person\\\/4dd0245ee7202ab1b6cdcd89543e23b6\"},\"potentialAction\":[{\"@type\":\"SearchAction\",\"target\":{\"@type\":\"EntryPoint\",\"urlTemplate\":\"https:\\\/\\\/atalaya-atelier.fr\\\/?s={search_term_string}\"},\"query-input\":{\"@type\":\"PropertyValueSpecification\",\"valueRequired\":true,\"valueName\":\"search_term_string\"}}],\"inLanguage\":\"es\"},{\"@type\":[\"Person\",\"Organization\"],\"@id\":\"https:\\\/\\\/atalaya-atelier.fr\\\/#\\\/schema\\\/person\\\/4dd0245ee7202ab1b6cdcd89543e23b6\",\"name\":\"atalaya-atelier.fr\",\"image\":{\"@type\":\"ImageObject\",\"inLanguage\":\"es\",\"@id\":\"https:\\\/\\\/atalaya-atelier.fr\\\/wp-content\\\/uploads\\\/2023\\\/11\\\/Atalaya-green.png\",\"url\":\"https:\\\/\\\/atalaya-atelier.fr\\\/wp-content\\\/uploads\\\/2023\\\/11\\\/Atalaya-green.png\",\"contentUrl\":\"https:\\\/\\\/atalaya-atelier.fr\\\/wp-content\\\/uploads\\\/2023\\\/11\\\/Atalaya-green.png\",\"width\":577,\"height\":296,\"caption\":\"atalaya-atelier.fr\"},\"logo\":{\"@id\":\"https:\\\/\\\/atalaya-atelier.fr\\\/wp-content\\\/uploads\\\/2023\\\/11\\\/Atalaya-green.png\"},\"sameAs\":[\"http:\\\/\\\/atalaya-atelier.fr\",\"https:\\\/\\\/www.instagram.com\\\/atalaya.c?igshid=MzMyNGUyNmU2YQ\",\"https:\\\/\\\/www.pinterest.fr\\\/Atalayaatelier\\\/?invite_code=2cdeb6372bfe49b09d04ae91f83a12fb&sender=926123248280854284\"]}]}<\/script>\n<!-- \/ Yoast SEO plugin. -->","yoast_head_json":{"title":"Boucles Erevine - Atalaya - Atelier Del Sur","robots":{"index":"index","follow":"follow","max-snippet":"max-snippet:-1","max-image-preview":"max-image-preview:large","max-video-preview":"max-video-preview:-1"},"canonical":"https:\/\/atalaya-atelier.fr\/es\/shop\/boucles-erevine\/","og_locale":"es_ES","og_type":"article","og_title":"Boucles Erevine - Atalaya - Atelier Del Sur","og_description":"Un bijou qui capture l&rsquo;essence des rochers des Calanques. Ces boucles d&rsquo;oreilles se distinguent par leur texture brute et naturelle. Trois perles d\u00e9licates ajoutent une touche de mouvement, tandis que la dorure subtilement travaill\u00e9e illumine votre visage refl\u00e8tent la lumi\u00e8re. Ces boucles sont parfaites pour celles qui cherchent \u00e0 allier modernit\u00e9 et intemporalit\u00e9, ajoutant une [&hellip;]","og_url":"https:\/\/atalaya-atelier.fr\/es\/shop\/boucles-erevine\/","og_site_name":"Atalaya - Atelier Del Sur","article_modified_time":"2025-11-16T16:07:09+00:00","og_image":[{"width":2560,"height":2560,"url":"https:\/\/atalaya-atelier.fr\/wp-content\/uploads\/2024\/09\/IMG_20240831_163109_159-scaled.jpg","type":"image\/jpeg"}],"twitter_card":"summary_large_image","twitter_misc":{"Tiempo de lectura":"1 minuto"},"schema":{"@context":"https:\/\/schema.org","@graph":[{"@type":"WebPage","@id":"https:\/\/atalaya-atelier.fr\/shop\/boucles-erevine\/","url":"https:\/\/atalaya-atelier.fr\/shop\/boucles-erevine\/","name":"Boucles Erevine - Atalaya - Atelier Del Sur","isPartOf":{"@id":"https:\/\/atalaya-atelier.fr\/#website"},"primaryImageOfPage":{"@id":"https:\/\/atalaya-atelier.fr\/shop\/boucles-erevine\/#primaryimage"},"image":{"@id":"https:\/\/atalaya-atelier.fr\/shop\/boucles-erevine\/#primaryimage"},"thumbnailUrl":"https:\/\/atalaya-atelier.fr\/wp-content\/uploads\/2024\/09\/IMG_20240831_163109_159-scaled.jpg","datePublished":"2024-09-04T15:03:15+00:00","dateModified":"2025-11-16T16:07:09+00:00","breadcrumb":{"@id":"https:\/\/atalaya-atelier.fr\/shop\/boucles-erevine\/#breadcrumb"},"inLanguage":"es","potentialAction":[{"@type":"ReadAction","target":["https:\/\/atalaya-atelier.fr\/shop\/boucles-erevine\/"]}]},{"@type":"ImageObject","inLanguage":"es","@id":"https:\/\/atalaya-atelier.fr\/shop\/boucles-erevine\/#primaryimage","url":"https:\/\/atalaya-atelier.fr\/wp-content\/uploads\/2024\/09\/IMG_20240831_163109_159-scaled.jpg","contentUrl":"https:\/\/atalaya-atelier.fr\/wp-content\/uploads\/2024\/09\/IMG_20240831_163109_159-scaled.jpg","width":2560,"height":2560},{"@type":"BreadcrumbList","@id":"https:\/\/atalaya-atelier.fr\/shop\/boucles-erevine\/#breadcrumb","itemListElement":[{"@type":"ListItem","position":1,"name":"Home","item":"https:\/\/atalaya-atelier.fr\/"},{"@type":"ListItem","position":2,"name":"Shop","item":"https:\/\/atalaya-atelier.fr\/shop\/"},{"@type":"ListItem","position":3,"name":"Boucles Erevine"}]},{"@type":"WebSite","@id":"https:\/\/atalaya-atelier.fr\/#website","url":"https:\/\/atalaya-atelier.fr\/","name":"Atalaya - Atelier Del Sur","description":"Bijoux fait main dans le sud de la France","publisher":{"@id":"https:\/\/atalaya-atelier.fr\/#\/schema\/person\/4dd0245ee7202ab1b6cdcd89543e23b6"},"potentialAction":[{"@type":"SearchAction","target":{"@type":"EntryPoint","urlTemplate":"https:\/\/atalaya-atelier.fr\/?s={search_term_string}"},"query-input":{"@type":"PropertyValueSpecification","valueRequired":true,"valueName":"search_term_string"}}],"inLanguage":"es"},{"@type":["Person","Organization"],"@id":"https:\/\/atalaya-atelier.fr\/#\/schema\/person\/4dd0245ee7202ab1b6cdcd89543e23b6","name":"atalaya-atelier.fr","image":{"@type":"ImageObject","inLanguage":"es","@id":"https:\/\/atalaya-atelier.fr\/wp-content\/uploads\/2023\/11\/Atalaya-green.png","url":"https:\/\/atalaya-atelier.fr\/wp-content\/uploads\/2023\/11\/Atalaya-green.png","contentUrl":"https:\/\/atalaya-atelier.fr\/wp-content\/uploads\/2023\/11\/Atalaya-green.png","width":577,"height":296,"caption":"atalaya-atelier.fr"},"logo":{"@id":"https:\/\/atalaya-atelier.fr\/wp-content\/uploads\/2023\/11\/Atalaya-green.png"},"sameAs":["http:\/\/atalaya-atelier.fr","https:\/\/www.instagram.com\/atalaya.c?igshid=MzMyNGUyNmU2YQ","https:\/\/www.pinterest.fr\/Atalayaatelier\/?invite_code=2cdeb6372bfe49b09d04ae91f83a12fb&sender=926123248280854284"]}]}},"jetpack_sharing_enabled":true,"_links":{"self":[{"href":"https:\/\/atalaya-atelier.fr\/es\/wp-json\/wp\/v2\/product\/2176","targetHints":{"allow":["GET"]}}],"collection":[{"href":"https:\/\/atalaya-atelier.fr\/es\/wp-json\/wp\/v2\/product"}],"about":[{"href":"https:\/\/atalaya-atelier.fr\/es\/wp-json\/wp\/v2\/types\/product"}],"wp:featuredmedia":[{"embeddable":true,"href":"https:\/\/atalaya-atelier.fr\/es\/wp-json\/wp\/v2\/media\/2174"}],"wp:attachment":[{"href":"https:\/\/atalaya-atelier.fr\/es\/wp-json\/wp\/v2\/media?parent=2176"}],"wp:term":[{"taxonomy":"product_brand","embeddable":true,"href":"https:\/\/atalaya-atelier.fr\/es\/wp-json\/wp\/v2\/product_brand?post=2176"},{"taxonomy":"product_cat","embeddable":true,"href":"https:\/\/atalaya-atelier.fr\/es\/wp-json\/wp\/v2\/product_cat?post=2176"},{"taxonomy":"product_tag","embeddable":true,"href":"https:\/\/atalaya-atelier.fr\/es\/wp-json\/wp\/v2\/product_tag?post=2176"}],"curies":[{"name":"wp","href":"https:\/\/api.w.org\/{rel}","templated":true}]}}