{"id":2187,"date":"2024-09-05T15:15:49","date_gmt":"2024-09-05T13:15:49","guid":{"rendered":"https:\/\/atalaya-atelier.fr\/?post_type=product&#038;p=2187"},"modified":"2024-12-12T12:24:01","modified_gmt":"2024-12-12T11:24:01","slug":"bague-calanque","status":"publish","type":"product","link":"https:\/\/atalaya-atelier.fr\/es\/shop\/bague-calanque\/","title":{"rendered":"Bague Calanque"},"content":{"rendered":"<p>D\u00e9couvrez la beaut\u00e9 brute et sauvage des Calanques avec notre bague embl\u00e9matique de la collection Sud et Calanques. Cette pi\u00e8ce unique capture l&rsquo;essence de la nature m\u00e9diterran\u00e9enne, fa\u00e7onn\u00e9e par les vagues, l&rsquo;eau et le vent. La bague refl\u00e8te le paysage abrupt et singulier des Calanques, o\u00f9 la pierre dure a \u00e9t\u00e9 sculpt\u00e9e par des forces naturelles pour cr\u00e9er une forme \u00e0 la fois \u00e9l\u00e9gante et puissante. Portez cette bague et emportez avec vous un fragment de cette beaut\u00e9 sauvage et indomptable, un hommage \u00e0 la nature authentique qui nous entoure.<\/p>\n<p>&nbsp;<\/p>\n<ul>\n<li>Dorure 2 microns<\/li>\n<li>Dimensions: 14x25mm<\/li>\n<li>Poid individuel: 8,85gr<\/li>\n<\/ul>","protected":false},"excerpt":{"rendered":"<p>Si no sabes qu\u00e9 talla de anillo utilizas, tienes dos soluciones a tu disposici\u00f3n:<\/p>\n<ol>\n<li>Acude a un joyero que te podr\u00e1 decir con mucha precisi\u00f3n cu\u00e1l es tu talla.<\/li>\n<li>Mesurer votre doigt au niveau le plus large, \u00e0 priori l\u2019articulation de la 2\u1d49 phalange, avec un m\u00e8tre ruban ou tout simplement une cordelette ou une bande de papier qu\u2019il vous suffira d\u2019entourer sur votre doigt, sans trop serrer. Si la mesure est de 52 mm, par exemple, cela \u00e9quivaut \u00e0 une taille de bague de 52.<\/li>\n<\/ol>","protected":false},"featured_media":2188,"template":"","meta":{"_monsterinsights_skip_tracking":false,"_monsterinsights_sitenote_active":false,"_monsterinsights_sitenote_note":"","_monsterinsights_sitenote_category":0,"_uf_show_specific_survey":0,"_uf_disable_surveys":false},"product_brand":[],"product_cat":[23,34],"product_tag":[],"class_list":{"0":"post-2187","1":"product","2":"type-product","3":"status-publish","4":"has-post-thumbnail","6":"product_cat-bagues","7":"product_cat-voir-tout","8":"pa_taille-41","9":"pa_taille-42","10":"pa_taille-43","11":"pa_taille-44","12":"pa_taille-45","13":"pa_taille-46","14":"pa_taille-47","15":"pa_taille-48","16":"pa_taille-51","17":"pa_taille-52","18":"pa_taille-53","20":"first","21":"instock","22":"shipping-taxable","23":"purchasable","24":"product-type-variable"},"yoast_head":"<!-- This site is optimized with the Yoast SEO plugin v27.4 - https:\/\/yoast.com\/product\/yoast-seo-wordpress\/ -->\n<title>Bague Calanque - Atalaya - Atelier Del Sur<\/title>\n<meta name=\"robots\" content=\"index, follow, max-snippet:-1, max-image-preview:large, max-video-preview:-1\" \/>\n<link rel=\"canonical\" href=\"https:\/\/atalaya-atelier.fr\/es\/shop\/bague-calanque\/\" \/>\n<meta property=\"og:locale\" content=\"es_ES\" \/>\n<meta property=\"og:type\" content=\"article\" \/>\n<meta property=\"og:title\" content=\"Bague Calanque - Atalaya - Atelier Del Sur\" \/>\n<meta property=\"og:description\" content=\"Si vous ne connaissez pas la taille de votre bague, deux solutions s\u2019offrent \u00e0 vous :   Vous pr\u00e9senter chez un bijoutier qui pourra vous l\u2019indiquer tr\u00e8s pr\u00e9cis\u00e9ment.  Mesurer votre doigt au niveau le plus large, \u00e0 priori l\u2019articulation de la 2\u1d49 phalange, avec un m\u00e8tre ruban ou tout simplement une cordelette ou une bande de papier qu\u2019il vous suffira d\u2019entourer sur votre doigt, sans trop serrer. Si la mesure est de 52 mm, par exemple, cela \u00e9quivaut \u00e0 une taille de bague de 52.\" \/>\n<meta property=\"og:url\" content=\"https:\/\/atalaya-atelier.fr\/es\/shop\/bague-calanque\/\" \/>\n<meta property=\"og:site_name\" content=\"Atalaya - Atelier Del Sur\" \/>\n<meta property=\"article:modified_time\" content=\"2024-12-12T11:24:01+00:00\" \/>\n<meta property=\"og:image\" content=\"https:\/\/atalaya-atelier.fr\/wp-content\/uploads\/2024\/09\/4.png\" \/>\n\t<meta property=\"og:image:width\" content=\"1080\" \/>\n\t<meta property=\"og:image:height\" content=\"1080\" \/>\n\t<meta property=\"og:image:type\" content=\"image\/png\" \/>\n<meta name=\"twitter:card\" content=\"summary_large_image\" \/>\n<meta name=\"twitter:label1\" content=\"Tiempo de lectura\" \/>\n\t<meta name=\"twitter:data1\" content=\"1 minuto\" \/>\n<script type=\"application\/ld+json\" class=\"yoast-schema-graph\">{\"@context\":\"https:\\\/\\\/schema.org\",\"@graph\":[{\"@type\":\"WebPage\",\"@id\":\"https:\\\/\\\/atalaya-atelier.fr\\\/shop\\\/bague-calanque\\\/\",\"url\":\"https:\\\/\\\/atalaya-atelier.fr\\\/shop\\\/bague-calanque\\\/\",\"name\":\"Bague Calanque - Atalaya - Atelier Del Sur\",\"isPartOf\":{\"@id\":\"https:\\\/\\\/atalaya-atelier.fr\\\/#website\"},\"primaryImageOfPage\":{\"@id\":\"https:\\\/\\\/atalaya-atelier.fr\\\/shop\\\/bague-calanque\\\/#primaryimage\"},\"image\":{\"@id\":\"https:\\\/\\\/atalaya-atelier.fr\\\/shop\\\/bague-calanque\\\/#primaryimage\"},\"thumbnailUrl\":\"https:\\\/\\\/atalaya-atelier.fr\\\/wp-content\\\/uploads\\\/2024\\\/09\\\/4.png\",\"datePublished\":\"2024-09-05T13:15:49+00:00\",\"dateModified\":\"2024-12-12T11:24:01+00:00\",\"breadcrumb\":{\"@id\":\"https:\\\/\\\/atalaya-atelier.fr\\\/shop\\\/bague-calanque\\\/#breadcrumb\"},\"inLanguage\":\"es\",\"potentialAction\":[{\"@type\":\"ReadAction\",\"target\":[\"https:\\\/\\\/atalaya-atelier.fr\\\/shop\\\/bague-calanque\\\/\"]}]},{\"@type\":\"ImageObject\",\"inLanguage\":\"es\",\"@id\":\"https:\\\/\\\/atalaya-atelier.fr\\\/shop\\\/bague-calanque\\\/#primaryimage\",\"url\":\"https:\\\/\\\/atalaya-atelier.fr\\\/wp-content\\\/uploads\\\/2024\\\/09\\\/4.png\",\"contentUrl\":\"https:\\\/\\\/atalaya-atelier.fr\\\/wp-content\\\/uploads\\\/2024\\\/09\\\/4.png\",\"width\":1080,\"height\":1080},{\"@type\":\"BreadcrumbList\",\"@id\":\"https:\\\/\\\/atalaya-atelier.fr\\\/shop\\\/bague-calanque\\\/#breadcrumb\",\"itemListElement\":[{\"@type\":\"ListItem\",\"position\":1,\"name\":\"Home\",\"item\":\"https:\\\/\\\/atalaya-atelier.fr\\\/\"},{\"@type\":\"ListItem\",\"position\":2,\"name\":\"Shop\",\"item\":\"https:\\\/\\\/atalaya-atelier.fr\\\/shop\\\/\"},{\"@type\":\"ListItem\",\"position\":3,\"name\":\"Bague Calanque\"}]},{\"@type\":\"WebSite\",\"@id\":\"https:\\\/\\\/atalaya-atelier.fr\\\/#website\",\"url\":\"https:\\\/\\\/atalaya-atelier.fr\\\/\",\"name\":\"Atalaya - Atelier Del Sur\",\"description\":\"Bijoux fait main dans le sud de la France\",\"publisher\":{\"@id\":\"https:\\\/\\\/atalaya-atelier.fr\\\/#\\\/schema\\\/person\\\/4dd0245ee7202ab1b6cdcd89543e23b6\"},\"potentialAction\":[{\"@type\":\"SearchAction\",\"target\":{\"@type\":\"EntryPoint\",\"urlTemplate\":\"https:\\\/\\\/atalaya-atelier.fr\\\/?s={search_term_string}\"},\"query-input\":{\"@type\":\"PropertyValueSpecification\",\"valueRequired\":true,\"valueName\":\"search_term_string\"}}],\"inLanguage\":\"es\"},{\"@type\":[\"Person\",\"Organization\"],\"@id\":\"https:\\\/\\\/atalaya-atelier.fr\\\/#\\\/schema\\\/person\\\/4dd0245ee7202ab1b6cdcd89543e23b6\",\"name\":\"atalaya-atelier.fr\",\"image\":{\"@type\":\"ImageObject\",\"inLanguage\":\"es\",\"@id\":\"https:\\\/\\\/atalaya-atelier.fr\\\/wp-content\\\/uploads\\\/2023\\\/11\\\/Atalaya-green.png\",\"url\":\"https:\\\/\\\/atalaya-atelier.fr\\\/wp-content\\\/uploads\\\/2023\\\/11\\\/Atalaya-green.png\",\"contentUrl\":\"https:\\\/\\\/atalaya-atelier.fr\\\/wp-content\\\/uploads\\\/2023\\\/11\\\/Atalaya-green.png\",\"width\":577,\"height\":296,\"caption\":\"atalaya-atelier.fr\"},\"logo\":{\"@id\":\"https:\\\/\\\/atalaya-atelier.fr\\\/wp-content\\\/uploads\\\/2023\\\/11\\\/Atalaya-green.png\"},\"sameAs\":[\"http:\\\/\\\/atalaya-atelier.fr\",\"https:\\\/\\\/www.instagram.com\\\/atalaya.c?igshid=MzMyNGUyNmU2YQ\",\"https:\\\/\\\/www.pinterest.fr\\\/Atalayaatelier\\\/?invite_code=2cdeb6372bfe49b09d04ae91f83a12fb&sender=926123248280854284\"]}]}<\/script>\n<!-- \/ Yoast SEO plugin. -->","yoast_head_json":{"title":"Bague Calanque - Atalaya - Atelier Del Sur","robots":{"index":"index","follow":"follow","max-snippet":"max-snippet:-1","max-image-preview":"max-image-preview:large","max-video-preview":"max-video-preview:-1"},"canonical":"https:\/\/atalaya-atelier.fr\/es\/shop\/bague-calanque\/","og_locale":"es_ES","og_type":"article","og_title":"Bague Calanque - Atalaya - Atelier Del Sur","og_description":"Si vous ne connaissez pas la taille de votre bague, deux solutions s\u2019offrent \u00e0 vous :   Vous pr\u00e9senter chez un bijoutier qui pourra vous l\u2019indiquer tr\u00e8s pr\u00e9cis\u00e9ment.  Mesurer votre doigt au niveau le plus large, \u00e0 priori l\u2019articulation de la 2\u1d49 phalange, avec un m\u00e8tre ruban ou tout simplement une cordelette ou une bande de papier qu\u2019il vous suffira d\u2019entourer sur votre doigt, sans trop serrer. Si la mesure est de 52 mm, par exemple, cela \u00e9quivaut \u00e0 une taille de bague de 52.","og_url":"https:\/\/atalaya-atelier.fr\/es\/shop\/bague-calanque\/","og_site_name":"Atalaya - Atelier Del Sur","article_modified_time":"2024-12-12T11:24:01+00:00","og_image":[{"width":1080,"height":1080,"url":"https:\/\/atalaya-atelier.fr\/wp-content\/uploads\/2024\/09\/4.png","type":"image\/png"}],"twitter_card":"summary_large_image","twitter_misc":{"Tiempo de lectura":"1 minuto"},"schema":{"@context":"https:\/\/schema.org","@graph":[{"@type":"WebPage","@id":"https:\/\/atalaya-atelier.fr\/shop\/bague-calanque\/","url":"https:\/\/atalaya-atelier.fr\/shop\/bague-calanque\/","name":"Bague Calanque - Atalaya - Atelier Del Sur","isPartOf":{"@id":"https:\/\/atalaya-atelier.fr\/#website"},"primaryImageOfPage":{"@id":"https:\/\/atalaya-atelier.fr\/shop\/bague-calanque\/#primaryimage"},"image":{"@id":"https:\/\/atalaya-atelier.fr\/shop\/bague-calanque\/#primaryimage"},"thumbnailUrl":"https:\/\/atalaya-atelier.fr\/wp-content\/uploads\/2024\/09\/4.png","datePublished":"2024-09-05T13:15:49+00:00","dateModified":"2024-12-12T11:24:01+00:00","breadcrumb":{"@id":"https:\/\/atalaya-atelier.fr\/shop\/bague-calanque\/#breadcrumb"},"inLanguage":"es","potentialAction":[{"@type":"ReadAction","target":["https:\/\/atalaya-atelier.fr\/shop\/bague-calanque\/"]}]},{"@type":"ImageObject","inLanguage":"es","@id":"https:\/\/atalaya-atelier.fr\/shop\/bague-calanque\/#primaryimage","url":"https:\/\/atalaya-atelier.fr\/wp-content\/uploads\/2024\/09\/4.png","contentUrl":"https:\/\/atalaya-atelier.fr\/wp-content\/uploads\/2024\/09\/4.png","width":1080,"height":1080},{"@type":"BreadcrumbList","@id":"https:\/\/atalaya-atelier.fr\/shop\/bague-calanque\/#breadcrumb","itemListElement":[{"@type":"ListItem","position":1,"name":"Home","item":"https:\/\/atalaya-atelier.fr\/"},{"@type":"ListItem","position":2,"name":"Shop","item":"https:\/\/atalaya-atelier.fr\/shop\/"},{"@type":"ListItem","position":3,"name":"Bague Calanque"}]},{"@type":"WebSite","@id":"https:\/\/atalaya-atelier.fr\/#website","url":"https:\/\/atalaya-atelier.fr\/","name":"Atalaya - Atelier Del Sur","description":"Bijoux fait main dans le sud de la France","publisher":{"@id":"https:\/\/atalaya-atelier.fr\/#\/schema\/person\/4dd0245ee7202ab1b6cdcd89543e23b6"},"potentialAction":[{"@type":"SearchAction","target":{"@type":"EntryPoint","urlTemplate":"https:\/\/atalaya-atelier.fr\/?s={search_term_string}"},"query-input":{"@type":"PropertyValueSpecification","valueRequired":true,"valueName":"search_term_string"}}],"inLanguage":"es"},{"@type":["Person","Organization"],"@id":"https:\/\/atalaya-atelier.fr\/#\/schema\/person\/4dd0245ee7202ab1b6cdcd89543e23b6","name":"atalaya-atelier.fr","image":{"@type":"ImageObject","inLanguage":"es","@id":"https:\/\/atalaya-atelier.fr\/wp-content\/uploads\/2023\/11\/Atalaya-green.png","url":"https:\/\/atalaya-atelier.fr\/wp-content\/uploads\/2023\/11\/Atalaya-green.png","contentUrl":"https:\/\/atalaya-atelier.fr\/wp-content\/uploads\/2023\/11\/Atalaya-green.png","width":577,"height":296,"caption":"atalaya-atelier.fr"},"logo":{"@id":"https:\/\/atalaya-atelier.fr\/wp-content\/uploads\/2023\/11\/Atalaya-green.png"},"sameAs":["http:\/\/atalaya-atelier.fr","https:\/\/www.instagram.com\/atalaya.c?igshid=MzMyNGUyNmU2YQ","https:\/\/www.pinterest.fr\/Atalayaatelier\/?invite_code=2cdeb6372bfe49b09d04ae91f83a12fb&sender=926123248280854284"]}]}},"jetpack_sharing_enabled":true,"_links":{"self":[{"href":"https:\/\/atalaya-atelier.fr\/es\/wp-json\/wp\/v2\/product\/2187","targetHints":{"allow":["GET"]}}],"collection":[{"href":"https:\/\/atalaya-atelier.fr\/es\/wp-json\/wp\/v2\/product"}],"about":[{"href":"https:\/\/atalaya-atelier.fr\/es\/wp-json\/wp\/v2\/types\/product"}],"wp:featuredmedia":[{"embeddable":true,"href":"https:\/\/atalaya-atelier.fr\/es\/wp-json\/wp\/v2\/media\/2188"}],"wp:attachment":[{"href":"https:\/\/atalaya-atelier.fr\/es\/wp-json\/wp\/v2\/media?parent=2187"}],"wp:term":[{"taxonomy":"product_brand","embeddable":true,"href":"https:\/\/atalaya-atelier.fr\/es\/wp-json\/wp\/v2\/product_brand?post=2187"},{"taxonomy":"product_cat","embeddable":true,"href":"https:\/\/atalaya-atelier.fr\/es\/wp-json\/wp\/v2\/product_cat?post=2187"},{"taxonomy":"product_tag","embeddable":true,"href":"https:\/\/atalaya-atelier.fr\/es\/wp-json\/wp\/v2\/product_tag?post=2187"}],"curies":[{"name":"wp","href":"https:\/\/api.w.org\/{rel}","templated":true}]}}