{"id":2219,"date":"2024-09-06T12:20:07","date_gmt":"2024-09-06T10:20:07","guid":{"rendered":"https:\/\/atalaya-atelier.fr\/?post_type=product&#038;p=2219"},"modified":"2024-10-12T15:09:06","modified_gmt":"2024-10-12T13:09:06","slug":"bracelet-corazon","status":"publish","type":"product","link":"https:\/\/atalaya-atelier.fr\/es\/shop\/bracelet-corazon\/","title":{"rendered":"Bracelet Coraz\u00f3n"},"content":{"rendered":"<p>Le bracelet Coraz\u00f3n est une pi\u00e8ce d\u00e9licate et intemporelle, con\u00e7u pour symboliser l\u2019amour avec une \u00e9l\u00e9gance discr\u00e8te. Compos\u00e9 d\u2019un fin fil dor\u00e9 orn\u00e9 d\u2019un petit c\u0153ur, il incarne l&rsquo;affection et la tendresse que l\u2019on porte \u00e0 un proche. Id\u00e9al en cadeau pour une f\u00eate des m\u00e8res, pour une maman ou une jeune fille, ce bracelet se porte au quotidien, rappelant subtilement l&rsquo;amour qui unit.<\/p>\n<ul>\n<li>Dorure 2 microns<\/li>\n<li>Dimensions du coeur: 5mm<\/li>\n<li>Poid individuel: 6,5gr<\/li>\n<\/ul>","protected":false},"excerpt":{"rendered":"<p>Le bracelet Coraz\u00f3n est une pi\u00e8ce d\u00e9licate et intemporelle, con\u00e7u pour symboliser l\u2019amour avec une \u00e9l\u00e9gance discr\u00e8te. Compos\u00e9 d\u2019un fin fil dor\u00e9 orn\u00e9 d\u2019un petit c\u0153ur, il incarne l&rsquo;affection et la tendresse que l\u2019on porte \u00e0 un proche. Id\u00e9al en cadeau pour une f\u00eate des m\u00e8res, pour une maman ou une jeune fille, ce bracelet [&hellip;]<\/p>\n","protected":false},"featured_media":2220,"template":"","meta":{"_monsterinsights_skip_tracking":false,"_monsterinsights_sitenote_active":false,"_monsterinsights_sitenote_note":"","_monsterinsights_sitenote_category":0,"_uf_show_specific_survey":0,"_uf_disable_surveys":false},"product_brand":[],"product_cat":[24,34],"product_tag":[],"class_list":{"0":"post-2219","1":"product","2":"type-product","3":"status-publish","4":"has-post-thumbnail","6":"product_cat-bracelets","7":"product_cat-voir-tout","8":"pa_taille-m","9":"pa_taille-s","11":"first","12":"instock","13":"shipping-taxable","14":"purchasable","15":"product-type-variable"},"yoast_head":"<!-- This site is optimized with the Yoast SEO plugin v27.4 - https:\/\/yoast.com\/product\/yoast-seo-wordpress\/ -->\n<title>Bracelet Coraz\u00f3n - Atalaya - Atelier Del Sur<\/title>\n<meta name=\"robots\" content=\"index, follow, max-snippet:-1, max-image-preview:large, max-video-preview:-1\" \/>\n<link rel=\"canonical\" href=\"https:\/\/atalaya-atelier.fr\/es\/shop\/bracelet-corazon\/\" \/>\n<meta property=\"og:locale\" content=\"es_ES\" \/>\n<meta property=\"og:type\" content=\"article\" \/>\n<meta property=\"og:title\" content=\"Bracelet Coraz\u00f3n - Atalaya - Atelier Del Sur\" \/>\n<meta property=\"og:description\" content=\"Le bracelet Coraz\u00f3n est une pi\u00e8ce d\u00e9licate et intemporelle, con\u00e7u pour symboliser l\u2019amour avec une \u00e9l\u00e9gance discr\u00e8te. Compos\u00e9 d\u2019un fin fil dor\u00e9 orn\u00e9 d\u2019un petit c\u0153ur, il incarne l&rsquo;affection et la tendresse que l\u2019on porte \u00e0 un proche. Id\u00e9al en cadeau pour une f\u00eate des m\u00e8res, pour une maman ou une jeune fille, ce bracelet [&hellip;]\" \/>\n<meta property=\"og:url\" content=\"https:\/\/atalaya-atelier.fr\/es\/shop\/bracelet-corazon\/\" \/>\n<meta property=\"og:site_name\" content=\"Atalaya - Atelier Del Sur\" \/>\n<meta property=\"article:modified_time\" content=\"2024-10-12T13:09:06+00:00\" \/>\n<meta property=\"og:image\" content=\"https:\/\/atalaya-atelier.fr\/wp-content\/uploads\/2024\/09\/1.png\" \/>\n\t<meta property=\"og:image:width\" content=\"1080\" \/>\n\t<meta property=\"og:image:height\" content=\"1080\" \/>\n\t<meta property=\"og:image:type\" content=\"image\/png\" \/>\n<meta name=\"twitter:card\" content=\"summary_large_image\" \/>\n<meta name=\"twitter:label1\" content=\"Tiempo de lectura\" \/>\n\t<meta name=\"twitter:data1\" content=\"1 minuto\" \/>\n<script type=\"application\/ld+json\" class=\"yoast-schema-graph\">{\"@context\":\"https:\\\/\\\/schema.org\",\"@graph\":[{\"@type\":\"WebPage\",\"@id\":\"https:\\\/\\\/atalaya-atelier.fr\\\/shop\\\/bracelet-corazon\\\/\",\"url\":\"https:\\\/\\\/atalaya-atelier.fr\\\/shop\\\/bracelet-corazon\\\/\",\"name\":\"Bracelet Coraz\u00f3n - Atalaya - Atelier Del Sur\",\"isPartOf\":{\"@id\":\"https:\\\/\\\/atalaya-atelier.fr\\\/#website\"},\"primaryImageOfPage\":{\"@id\":\"https:\\\/\\\/atalaya-atelier.fr\\\/shop\\\/bracelet-corazon\\\/#primaryimage\"},\"image\":{\"@id\":\"https:\\\/\\\/atalaya-atelier.fr\\\/shop\\\/bracelet-corazon\\\/#primaryimage\"},\"thumbnailUrl\":\"https:\\\/\\\/atalaya-atelier.fr\\\/wp-content\\\/uploads\\\/2024\\\/09\\\/1.png\",\"datePublished\":\"2024-09-06T10:20:07+00:00\",\"dateModified\":\"2024-10-12T13:09:06+00:00\",\"breadcrumb\":{\"@id\":\"https:\\\/\\\/atalaya-atelier.fr\\\/shop\\\/bracelet-corazon\\\/#breadcrumb\"},\"inLanguage\":\"es\",\"potentialAction\":[{\"@type\":\"ReadAction\",\"target\":[\"https:\\\/\\\/atalaya-atelier.fr\\\/shop\\\/bracelet-corazon\\\/\"]}]},{\"@type\":\"ImageObject\",\"inLanguage\":\"es\",\"@id\":\"https:\\\/\\\/atalaya-atelier.fr\\\/shop\\\/bracelet-corazon\\\/#primaryimage\",\"url\":\"https:\\\/\\\/atalaya-atelier.fr\\\/wp-content\\\/uploads\\\/2024\\\/09\\\/1.png\",\"contentUrl\":\"https:\\\/\\\/atalaya-atelier.fr\\\/wp-content\\\/uploads\\\/2024\\\/09\\\/1.png\",\"width\":1080,\"height\":1080},{\"@type\":\"BreadcrumbList\",\"@id\":\"https:\\\/\\\/atalaya-atelier.fr\\\/shop\\\/bracelet-corazon\\\/#breadcrumb\",\"itemListElement\":[{\"@type\":\"ListItem\",\"position\":1,\"name\":\"Home\",\"item\":\"https:\\\/\\\/atalaya-atelier.fr\\\/\"},{\"@type\":\"ListItem\",\"position\":2,\"name\":\"Shop\",\"item\":\"https:\\\/\\\/atalaya-atelier.fr\\\/shop\\\/\"},{\"@type\":\"ListItem\",\"position\":3,\"name\":\"Bracelet Coraz\u00f3n\"}]},{\"@type\":\"WebSite\",\"@id\":\"https:\\\/\\\/atalaya-atelier.fr\\\/#website\",\"url\":\"https:\\\/\\\/atalaya-atelier.fr\\\/\",\"name\":\"Atalaya - Atelier Del Sur\",\"description\":\"Bijoux fait main dans le sud de la France\",\"publisher\":{\"@id\":\"https:\\\/\\\/atalaya-atelier.fr\\\/#\\\/schema\\\/person\\\/4dd0245ee7202ab1b6cdcd89543e23b6\"},\"potentialAction\":[{\"@type\":\"SearchAction\",\"target\":{\"@type\":\"EntryPoint\",\"urlTemplate\":\"https:\\\/\\\/atalaya-atelier.fr\\\/?s={search_term_string}\"},\"query-input\":{\"@type\":\"PropertyValueSpecification\",\"valueRequired\":true,\"valueName\":\"search_term_string\"}}],\"inLanguage\":\"es\"},{\"@type\":[\"Person\",\"Organization\"],\"@id\":\"https:\\\/\\\/atalaya-atelier.fr\\\/#\\\/schema\\\/person\\\/4dd0245ee7202ab1b6cdcd89543e23b6\",\"name\":\"atalaya-atelier.fr\",\"image\":{\"@type\":\"ImageObject\",\"inLanguage\":\"es\",\"@id\":\"https:\\\/\\\/atalaya-atelier.fr\\\/wp-content\\\/uploads\\\/2023\\\/11\\\/Atalaya-green.png\",\"url\":\"https:\\\/\\\/atalaya-atelier.fr\\\/wp-content\\\/uploads\\\/2023\\\/11\\\/Atalaya-green.png\",\"contentUrl\":\"https:\\\/\\\/atalaya-atelier.fr\\\/wp-content\\\/uploads\\\/2023\\\/11\\\/Atalaya-green.png\",\"width\":577,\"height\":296,\"caption\":\"atalaya-atelier.fr\"},\"logo\":{\"@id\":\"https:\\\/\\\/atalaya-atelier.fr\\\/wp-content\\\/uploads\\\/2023\\\/11\\\/Atalaya-green.png\"},\"sameAs\":[\"http:\\\/\\\/atalaya-atelier.fr\",\"https:\\\/\\\/www.instagram.com\\\/atalaya.c?igshid=MzMyNGUyNmU2YQ\",\"https:\\\/\\\/www.pinterest.fr\\\/Atalayaatelier\\\/?invite_code=2cdeb6372bfe49b09d04ae91f83a12fb&sender=926123248280854284\"]}]}<\/script>\n<!-- \/ Yoast SEO plugin. -->","yoast_head_json":{"title":"Bracelet Coraz\u00f3n - Atalaya - Atelier Del Sur","robots":{"index":"index","follow":"follow","max-snippet":"max-snippet:-1","max-image-preview":"max-image-preview:large","max-video-preview":"max-video-preview:-1"},"canonical":"https:\/\/atalaya-atelier.fr\/es\/shop\/bracelet-corazon\/","og_locale":"es_ES","og_type":"article","og_title":"Bracelet Coraz\u00f3n - Atalaya - Atelier Del Sur","og_description":"Le bracelet Coraz\u00f3n est une pi\u00e8ce d\u00e9licate et intemporelle, con\u00e7u pour symboliser l\u2019amour avec une \u00e9l\u00e9gance discr\u00e8te. Compos\u00e9 d\u2019un fin fil dor\u00e9 orn\u00e9 d\u2019un petit c\u0153ur, il incarne l&rsquo;affection et la tendresse que l\u2019on porte \u00e0 un proche. Id\u00e9al en cadeau pour une f\u00eate des m\u00e8res, pour une maman ou une jeune fille, ce bracelet [&hellip;]","og_url":"https:\/\/atalaya-atelier.fr\/es\/shop\/bracelet-corazon\/","og_site_name":"Atalaya - Atelier Del Sur","article_modified_time":"2024-10-12T13:09:06+00:00","og_image":[{"width":1080,"height":1080,"url":"https:\/\/atalaya-atelier.fr\/wp-content\/uploads\/2024\/09\/1.png","type":"image\/png"}],"twitter_card":"summary_large_image","twitter_misc":{"Tiempo de lectura":"1 minuto"},"schema":{"@context":"https:\/\/schema.org","@graph":[{"@type":"WebPage","@id":"https:\/\/atalaya-atelier.fr\/shop\/bracelet-corazon\/","url":"https:\/\/atalaya-atelier.fr\/shop\/bracelet-corazon\/","name":"Bracelet Coraz\u00f3n - Atalaya - Atelier Del Sur","isPartOf":{"@id":"https:\/\/atalaya-atelier.fr\/#website"},"primaryImageOfPage":{"@id":"https:\/\/atalaya-atelier.fr\/shop\/bracelet-corazon\/#primaryimage"},"image":{"@id":"https:\/\/atalaya-atelier.fr\/shop\/bracelet-corazon\/#primaryimage"},"thumbnailUrl":"https:\/\/atalaya-atelier.fr\/wp-content\/uploads\/2024\/09\/1.png","datePublished":"2024-09-06T10:20:07+00:00","dateModified":"2024-10-12T13:09:06+00:00","breadcrumb":{"@id":"https:\/\/atalaya-atelier.fr\/shop\/bracelet-corazon\/#breadcrumb"},"inLanguage":"es","potentialAction":[{"@type":"ReadAction","target":["https:\/\/atalaya-atelier.fr\/shop\/bracelet-corazon\/"]}]},{"@type":"ImageObject","inLanguage":"es","@id":"https:\/\/atalaya-atelier.fr\/shop\/bracelet-corazon\/#primaryimage","url":"https:\/\/atalaya-atelier.fr\/wp-content\/uploads\/2024\/09\/1.png","contentUrl":"https:\/\/atalaya-atelier.fr\/wp-content\/uploads\/2024\/09\/1.png","width":1080,"height":1080},{"@type":"BreadcrumbList","@id":"https:\/\/atalaya-atelier.fr\/shop\/bracelet-corazon\/#breadcrumb","itemListElement":[{"@type":"ListItem","position":1,"name":"Home","item":"https:\/\/atalaya-atelier.fr\/"},{"@type":"ListItem","position":2,"name":"Shop","item":"https:\/\/atalaya-atelier.fr\/shop\/"},{"@type":"ListItem","position":3,"name":"Bracelet Coraz\u00f3n"}]},{"@type":"WebSite","@id":"https:\/\/atalaya-atelier.fr\/#website","url":"https:\/\/atalaya-atelier.fr\/","name":"Atalaya - Atelier Del Sur","description":"Bijoux fait main dans le sud de la France","publisher":{"@id":"https:\/\/atalaya-atelier.fr\/#\/schema\/person\/4dd0245ee7202ab1b6cdcd89543e23b6"},"potentialAction":[{"@type":"SearchAction","target":{"@type":"EntryPoint","urlTemplate":"https:\/\/atalaya-atelier.fr\/?s={search_term_string}"},"query-input":{"@type":"PropertyValueSpecification","valueRequired":true,"valueName":"search_term_string"}}],"inLanguage":"es"},{"@type":["Person","Organization"],"@id":"https:\/\/atalaya-atelier.fr\/#\/schema\/person\/4dd0245ee7202ab1b6cdcd89543e23b6","name":"atalaya-atelier.fr","image":{"@type":"ImageObject","inLanguage":"es","@id":"https:\/\/atalaya-atelier.fr\/wp-content\/uploads\/2023\/11\/Atalaya-green.png","url":"https:\/\/atalaya-atelier.fr\/wp-content\/uploads\/2023\/11\/Atalaya-green.png","contentUrl":"https:\/\/atalaya-atelier.fr\/wp-content\/uploads\/2023\/11\/Atalaya-green.png","width":577,"height":296,"caption":"atalaya-atelier.fr"},"logo":{"@id":"https:\/\/atalaya-atelier.fr\/wp-content\/uploads\/2023\/11\/Atalaya-green.png"},"sameAs":["http:\/\/atalaya-atelier.fr","https:\/\/www.instagram.com\/atalaya.c?igshid=MzMyNGUyNmU2YQ","https:\/\/www.pinterest.fr\/Atalayaatelier\/?invite_code=2cdeb6372bfe49b09d04ae91f83a12fb&sender=926123248280854284"]}]}},"jetpack_sharing_enabled":true,"_links":{"self":[{"href":"https:\/\/atalaya-atelier.fr\/es\/wp-json\/wp\/v2\/product\/2219","targetHints":{"allow":["GET"]}}],"collection":[{"href":"https:\/\/atalaya-atelier.fr\/es\/wp-json\/wp\/v2\/product"}],"about":[{"href":"https:\/\/atalaya-atelier.fr\/es\/wp-json\/wp\/v2\/types\/product"}],"wp:featuredmedia":[{"embeddable":true,"href":"https:\/\/atalaya-atelier.fr\/es\/wp-json\/wp\/v2\/media\/2220"}],"wp:attachment":[{"href":"https:\/\/atalaya-atelier.fr\/es\/wp-json\/wp\/v2\/media?parent=2219"}],"wp:term":[{"taxonomy":"product_brand","embeddable":true,"href":"https:\/\/atalaya-atelier.fr\/es\/wp-json\/wp\/v2\/product_brand?post=2219"},{"taxonomy":"product_cat","embeddable":true,"href":"https:\/\/atalaya-atelier.fr\/es\/wp-json\/wp\/v2\/product_cat?post=2219"},{"taxonomy":"product_tag","embeddable":true,"href":"https:\/\/atalaya-atelier.fr\/es\/wp-json\/wp\/v2\/product_tag?post=2219"}],"curies":[{"name":"wp","href":"https:\/\/api.w.org\/{rel}","templated":true}]}}