{"id":2222,"date":"2024-09-06T13:15:29","date_gmt":"2024-09-06T11:15:29","guid":{"rendered":"https:\/\/atalaya-atelier.fr\/?post_type=product&#038;p=2222"},"modified":"2025-12-10T16:21:21","modified_gmt":"2025-12-10T15:21:21","slug":"bague-annonciation","status":"publish","type":"product","link":"https:\/\/atalaya-atelier.fr\/es\/shop\/bague-annonciation\/","title":{"rendered":"Bague Annonciation"},"content":{"rendered":"<p dir=\"ltr\">La chevali\u00e8re Annonciation est une cr\u00e9ation inspir\u00e9e par une chor\u00e9graphie marquante, que la cr\u00e9atrice a eu l&rsquo;opportunit\u00e9 d&rsquo;interpr\u00e9ter. Son design graphique \u00e9voque le plateau de danse et les personnages centraux de l&rsquo;\u0153uvre : l&rsquo;ange et la Vierge. Trois pierres symbolisent les \u00e9l\u00e9ments cl\u00e9s de la pi\u00e8ce : le bleu pour l&rsquo;ange, le blanc pour la Vierge, et le rouge pour le tapis de danse cassant la fragilit\u00e9 et la puret\u00e9 que l&rsquo;histoire de l&rsquo;Annonciation raconte.<\/p>\n<p dir=\"ltr\">Ce bijou capture la puret\u00e9 et la profondeur de l&rsquo;histoire de l&rsquo;Annonciation dans une conception \u00e9l\u00e9gante et symbolique.<\/p>\n<div class=\"elementor-element elementor-element-740df2f elementor-widget elementor-widget-woocommerce-product-content\" data-id=\"740df2f\" data-element_type=\"widget\" data-widget_type=\"woocommerce-product-content.default\">\n<div class=\"elementor-widget-container\">\n<ul>\n<li>Dorure 2 microns<\/li>\n<li>Dimensions du plateau: 11x16mm<\/li>\n<li>Poids individuel: 7,25gr<\/li>\n<li>Pi\u00e8rres: Grenat, zafir, oxyde de zirconium.<\/li>\n<\/ul>\n<p>&nbsp;<\/p>\n<\/div>\n<\/div>\n<div class=\"elementor-element elementor-element-dde8226 dc-has-condition dc-condition-empty elementor-widget elementor-widget-ucaddon_content_accordion\" data-id=\"dde8226\" data-element_type=\"widget\" data-widget_type=\"ucaddon_content_accordion.default\">\n<div class=\"elementor-widget-container\">\n<div id=\"uc_content_accordion_elementor_dde8226\" class=\"uc_material_accordion\" data-name=\"\" data-scroll=\"off\" data-offset=\"0\" data-closeothers=\"true\" data-set-hash=\"false\">\n<div class=\"uc_container uc-items-wrapper\">\n<div id=\"#ue-tab1\" class=\"uc_ac_box elementor-repeater-item-cd84ad8\">\n<div class=\"uc-heading uc_trigger\"><\/div>\n<\/div>\n<\/div>\n<\/div>\n<\/div>\n<\/div>","protected":false},"excerpt":{"rendered":"<p>Si no sabes qu\u00e9 talla de anillo utilizas, tienes dos soluciones a tu disposici\u00f3n:<\/p>\n<ol>\n<li>Acude a un joyero que te podr\u00e1 decir con mucha precisi\u00f3n cu\u00e1l es tu talla.<\/li>\n<li>Mesurer votre doigt au niveau le plus large, \u00e0 priori l\u2019articulation de la 2\u1d49 phalange, avec un m\u00e8tre ruban ou tout simplement une cordelette ou une bande de papier qu\u2019il vous suffira d\u2019entourer sur votre doigt, sans trop serrer. Si la mesure est de 52 mm, par exemple, cela \u00e9quivaut \u00e0 une taille de bague de 52.<\/li>\n<\/ol>","protected":false},"featured_media":2223,"template":"","meta":{"_monsterinsights_skip_tracking":false,"_monsterinsights_sitenote_active":false,"_monsterinsights_sitenote_note":"","_monsterinsights_sitenote_category":0,"_uf_show_specific_survey":0,"_uf_disable_surveys":false},"product_brand":[],"product_cat":[23,34],"product_tag":[],"class_list":{"0":"post-2222","1":"product","2":"type-product","3":"status-publish","4":"has-post-thumbnail","6":"product_cat-bagues","7":"product_cat-voir-tout","8":"pa_taille-43","10":"first","11":"instock","12":"shipping-taxable","13":"purchasable","14":"product-type-variable"},"yoast_head":"<!-- This site is optimized with the Yoast SEO plugin v27.4 - https:\/\/yoast.com\/product\/yoast-seo-wordpress\/ -->\n<title>Bague Annonciation - Atalaya - Atelier Del Sur<\/title>\n<meta name=\"robots\" content=\"index, follow, max-snippet:-1, max-image-preview:large, max-video-preview:-1\" \/>\n<link rel=\"canonical\" href=\"https:\/\/atalaya-atelier.fr\/es\/shop\/bague-annonciation\/\" \/>\n<meta property=\"og:locale\" content=\"es_ES\" \/>\n<meta property=\"og:type\" content=\"article\" \/>\n<meta property=\"og:title\" content=\"Bague Annonciation - Atalaya - Atelier Del Sur\" \/>\n<meta property=\"og:description\" content=\"Si vous ne connaissez pas la taille de votre bague, deux solutions s\u2019offrent \u00e0 vous :   Vous pr\u00e9senter chez un bijoutier qui pourra vous l\u2019indiquer tr\u00e8s pr\u00e9cis\u00e9ment.  Mesurer votre doigt au niveau le plus large, \u00e0 priori l\u2019articulation de la 2\u1d49 phalange, avec un m\u00e8tre ruban ou tout simplement une cordelette ou une bande de papier qu\u2019il vous suffira d\u2019entourer sur votre doigt, sans trop serrer. Si la mesure est de 52 mm, par exemple, cela \u00e9quivaut \u00e0 une taille de bague de 52.\" \/>\n<meta property=\"og:url\" content=\"https:\/\/atalaya-atelier.fr\/es\/shop\/bague-annonciation\/\" \/>\n<meta property=\"og:site_name\" content=\"Atalaya - Atelier Del Sur\" \/>\n<meta property=\"article:modified_time\" content=\"2025-12-10T15:21:21+00:00\" \/>\n<meta property=\"og:image\" content=\"https:\/\/atalaya-atelier.fr\/wp-content\/uploads\/2024\/09\/Cecilia_Annonciation_1-scaled-e1725622599938.jpg\" \/>\n\t<meta property=\"og:image:width\" content=\"1621\" \/>\n\t<meta property=\"og:image:height\" content=\"1621\" \/>\n\t<meta property=\"og:image:type\" content=\"image\/jpeg\" \/>\n<meta name=\"twitter:card\" content=\"summary_large_image\" \/>\n<meta name=\"twitter:label1\" content=\"Tiempo de lectura\" \/>\n\t<meta name=\"twitter:data1\" content=\"1 minuto\" \/>\n<script type=\"application\/ld+json\" class=\"yoast-schema-graph\">{\"@context\":\"https:\\\/\\\/schema.org\",\"@graph\":[{\"@type\":\"WebPage\",\"@id\":\"https:\\\/\\\/atalaya-atelier.fr\\\/shop\\\/bague-annonciation\\\/\",\"url\":\"https:\\\/\\\/atalaya-atelier.fr\\\/shop\\\/bague-annonciation\\\/\",\"name\":\"Bague Annonciation - Atalaya - Atelier Del Sur\",\"isPartOf\":{\"@id\":\"https:\\\/\\\/atalaya-atelier.fr\\\/#website\"},\"primaryImageOfPage\":{\"@id\":\"https:\\\/\\\/atalaya-atelier.fr\\\/shop\\\/bague-annonciation\\\/#primaryimage\"},\"image\":{\"@id\":\"https:\\\/\\\/atalaya-atelier.fr\\\/shop\\\/bague-annonciation\\\/#primaryimage\"},\"thumbnailUrl\":\"https:\\\/\\\/atalaya-atelier.fr\\\/wp-content\\\/uploads\\\/2024\\\/09\\\/Cecilia_Annonciation_1-scaled-e1725622599938.jpg\",\"datePublished\":\"2024-09-06T11:15:29+00:00\",\"dateModified\":\"2025-12-10T15:21:21+00:00\",\"breadcrumb\":{\"@id\":\"https:\\\/\\\/atalaya-atelier.fr\\\/shop\\\/bague-annonciation\\\/#breadcrumb\"},\"inLanguage\":\"es\",\"potentialAction\":[{\"@type\":\"ReadAction\",\"target\":[\"https:\\\/\\\/atalaya-atelier.fr\\\/shop\\\/bague-annonciation\\\/\"]}]},{\"@type\":\"ImageObject\",\"inLanguage\":\"es\",\"@id\":\"https:\\\/\\\/atalaya-atelier.fr\\\/shop\\\/bague-annonciation\\\/#primaryimage\",\"url\":\"https:\\\/\\\/atalaya-atelier.fr\\\/wp-content\\\/uploads\\\/2024\\\/09\\\/Cecilia_Annonciation_1-scaled-e1725622599938.jpg\",\"contentUrl\":\"https:\\\/\\\/atalaya-atelier.fr\\\/wp-content\\\/uploads\\\/2024\\\/09\\\/Cecilia_Annonciation_1-scaled-e1725622599938.jpg\",\"width\":1621,\"height\":1621},{\"@type\":\"BreadcrumbList\",\"@id\":\"https:\\\/\\\/atalaya-atelier.fr\\\/shop\\\/bague-annonciation\\\/#breadcrumb\",\"itemListElement\":[{\"@type\":\"ListItem\",\"position\":1,\"name\":\"Home\",\"item\":\"https:\\\/\\\/atalaya-atelier.fr\\\/\"},{\"@type\":\"ListItem\",\"position\":2,\"name\":\"Shop\",\"item\":\"https:\\\/\\\/atalaya-atelier.fr\\\/shop\\\/\"},{\"@type\":\"ListItem\",\"position\":3,\"name\":\"Bague Annonciation\"}]},{\"@type\":\"WebSite\",\"@id\":\"https:\\\/\\\/atalaya-atelier.fr\\\/#website\",\"url\":\"https:\\\/\\\/atalaya-atelier.fr\\\/\",\"name\":\"Atalaya - Atelier Del Sur\",\"description\":\"Bijoux fait main dans le sud de la France\",\"publisher\":{\"@id\":\"https:\\\/\\\/atalaya-atelier.fr\\\/#\\\/schema\\\/person\\\/4dd0245ee7202ab1b6cdcd89543e23b6\"},\"potentialAction\":[{\"@type\":\"SearchAction\",\"target\":{\"@type\":\"EntryPoint\",\"urlTemplate\":\"https:\\\/\\\/atalaya-atelier.fr\\\/?s={search_term_string}\"},\"query-input\":{\"@type\":\"PropertyValueSpecification\",\"valueRequired\":true,\"valueName\":\"search_term_string\"}}],\"inLanguage\":\"es\"},{\"@type\":[\"Person\",\"Organization\"],\"@id\":\"https:\\\/\\\/atalaya-atelier.fr\\\/#\\\/schema\\\/person\\\/4dd0245ee7202ab1b6cdcd89543e23b6\",\"name\":\"atalaya-atelier.fr\",\"image\":{\"@type\":\"ImageObject\",\"inLanguage\":\"es\",\"@id\":\"https:\\\/\\\/atalaya-atelier.fr\\\/wp-content\\\/uploads\\\/2023\\\/11\\\/Atalaya-green.png\",\"url\":\"https:\\\/\\\/atalaya-atelier.fr\\\/wp-content\\\/uploads\\\/2023\\\/11\\\/Atalaya-green.png\",\"contentUrl\":\"https:\\\/\\\/atalaya-atelier.fr\\\/wp-content\\\/uploads\\\/2023\\\/11\\\/Atalaya-green.png\",\"width\":577,\"height\":296,\"caption\":\"atalaya-atelier.fr\"},\"logo\":{\"@id\":\"https:\\\/\\\/atalaya-atelier.fr\\\/wp-content\\\/uploads\\\/2023\\\/11\\\/Atalaya-green.png\"},\"sameAs\":[\"http:\\\/\\\/atalaya-atelier.fr\",\"https:\\\/\\\/www.instagram.com\\\/atalaya.c?igshid=MzMyNGUyNmU2YQ\",\"https:\\\/\\\/www.pinterest.fr\\\/Atalayaatelier\\\/?invite_code=2cdeb6372bfe49b09d04ae91f83a12fb&sender=926123248280854284\"]}]}<\/script>\n<!-- \/ Yoast SEO plugin. -->","yoast_head_json":{"title":"Bague Annonciation - Atalaya - Atelier Del Sur","robots":{"index":"index","follow":"follow","max-snippet":"max-snippet:-1","max-image-preview":"max-image-preview:large","max-video-preview":"max-video-preview:-1"},"canonical":"https:\/\/atalaya-atelier.fr\/es\/shop\/bague-annonciation\/","og_locale":"es_ES","og_type":"article","og_title":"Bague Annonciation - Atalaya - Atelier Del Sur","og_description":"Si vous ne connaissez pas la taille de votre bague, deux solutions s\u2019offrent \u00e0 vous :   Vous pr\u00e9senter chez un bijoutier qui pourra vous l\u2019indiquer tr\u00e8s pr\u00e9cis\u00e9ment.  Mesurer votre doigt au niveau le plus large, \u00e0 priori l\u2019articulation de la 2\u1d49 phalange, avec un m\u00e8tre ruban ou tout simplement une cordelette ou une bande de papier qu\u2019il vous suffira d\u2019entourer sur votre doigt, sans trop serrer. Si la mesure est de 52 mm, par exemple, cela \u00e9quivaut \u00e0 une taille de bague de 52.","og_url":"https:\/\/atalaya-atelier.fr\/es\/shop\/bague-annonciation\/","og_site_name":"Atalaya - Atelier Del Sur","article_modified_time":"2025-12-10T15:21:21+00:00","og_image":[{"width":1621,"height":1621,"url":"https:\/\/atalaya-atelier.fr\/wp-content\/uploads\/2024\/09\/Cecilia_Annonciation_1-scaled-e1725622599938.jpg","type":"image\/jpeg"}],"twitter_card":"summary_large_image","twitter_misc":{"Tiempo de lectura":"1 minuto"},"schema":{"@context":"https:\/\/schema.org","@graph":[{"@type":"WebPage","@id":"https:\/\/atalaya-atelier.fr\/shop\/bague-annonciation\/","url":"https:\/\/atalaya-atelier.fr\/shop\/bague-annonciation\/","name":"Bague Annonciation - Atalaya - Atelier Del Sur","isPartOf":{"@id":"https:\/\/atalaya-atelier.fr\/#website"},"primaryImageOfPage":{"@id":"https:\/\/atalaya-atelier.fr\/shop\/bague-annonciation\/#primaryimage"},"image":{"@id":"https:\/\/atalaya-atelier.fr\/shop\/bague-annonciation\/#primaryimage"},"thumbnailUrl":"https:\/\/atalaya-atelier.fr\/wp-content\/uploads\/2024\/09\/Cecilia_Annonciation_1-scaled-e1725622599938.jpg","datePublished":"2024-09-06T11:15:29+00:00","dateModified":"2025-12-10T15:21:21+00:00","breadcrumb":{"@id":"https:\/\/atalaya-atelier.fr\/shop\/bague-annonciation\/#breadcrumb"},"inLanguage":"es","potentialAction":[{"@type":"ReadAction","target":["https:\/\/atalaya-atelier.fr\/shop\/bague-annonciation\/"]}]},{"@type":"ImageObject","inLanguage":"es","@id":"https:\/\/atalaya-atelier.fr\/shop\/bague-annonciation\/#primaryimage","url":"https:\/\/atalaya-atelier.fr\/wp-content\/uploads\/2024\/09\/Cecilia_Annonciation_1-scaled-e1725622599938.jpg","contentUrl":"https:\/\/atalaya-atelier.fr\/wp-content\/uploads\/2024\/09\/Cecilia_Annonciation_1-scaled-e1725622599938.jpg","width":1621,"height":1621},{"@type":"BreadcrumbList","@id":"https:\/\/atalaya-atelier.fr\/shop\/bague-annonciation\/#breadcrumb","itemListElement":[{"@type":"ListItem","position":1,"name":"Home","item":"https:\/\/atalaya-atelier.fr\/"},{"@type":"ListItem","position":2,"name":"Shop","item":"https:\/\/atalaya-atelier.fr\/shop\/"},{"@type":"ListItem","position":3,"name":"Bague Annonciation"}]},{"@type":"WebSite","@id":"https:\/\/atalaya-atelier.fr\/#website","url":"https:\/\/atalaya-atelier.fr\/","name":"Atalaya - Atelier Del Sur","description":"Bijoux fait main dans le sud de la France","publisher":{"@id":"https:\/\/atalaya-atelier.fr\/#\/schema\/person\/4dd0245ee7202ab1b6cdcd89543e23b6"},"potentialAction":[{"@type":"SearchAction","target":{"@type":"EntryPoint","urlTemplate":"https:\/\/atalaya-atelier.fr\/?s={search_term_string}"},"query-input":{"@type":"PropertyValueSpecification","valueRequired":true,"valueName":"search_term_string"}}],"inLanguage":"es"},{"@type":["Person","Organization"],"@id":"https:\/\/atalaya-atelier.fr\/#\/schema\/person\/4dd0245ee7202ab1b6cdcd89543e23b6","name":"atalaya-atelier.fr","image":{"@type":"ImageObject","inLanguage":"es","@id":"https:\/\/atalaya-atelier.fr\/wp-content\/uploads\/2023\/11\/Atalaya-green.png","url":"https:\/\/atalaya-atelier.fr\/wp-content\/uploads\/2023\/11\/Atalaya-green.png","contentUrl":"https:\/\/atalaya-atelier.fr\/wp-content\/uploads\/2023\/11\/Atalaya-green.png","width":577,"height":296,"caption":"atalaya-atelier.fr"},"logo":{"@id":"https:\/\/atalaya-atelier.fr\/wp-content\/uploads\/2023\/11\/Atalaya-green.png"},"sameAs":["http:\/\/atalaya-atelier.fr","https:\/\/www.instagram.com\/atalaya.c?igshid=MzMyNGUyNmU2YQ","https:\/\/www.pinterest.fr\/Atalayaatelier\/?invite_code=2cdeb6372bfe49b09d04ae91f83a12fb&sender=926123248280854284"]}]}},"jetpack_sharing_enabled":true,"_links":{"self":[{"href":"https:\/\/atalaya-atelier.fr\/es\/wp-json\/wp\/v2\/product\/2222","targetHints":{"allow":["GET"]}}],"collection":[{"href":"https:\/\/atalaya-atelier.fr\/es\/wp-json\/wp\/v2\/product"}],"about":[{"href":"https:\/\/atalaya-atelier.fr\/es\/wp-json\/wp\/v2\/types\/product"}],"wp:featuredmedia":[{"embeddable":true,"href":"https:\/\/atalaya-atelier.fr\/es\/wp-json\/wp\/v2\/media\/2223"}],"wp:attachment":[{"href":"https:\/\/atalaya-atelier.fr\/es\/wp-json\/wp\/v2\/media?parent=2222"}],"wp:term":[{"taxonomy":"product_brand","embeddable":true,"href":"https:\/\/atalaya-atelier.fr\/es\/wp-json\/wp\/v2\/product_brand?post=2222"},{"taxonomy":"product_cat","embeddable":true,"href":"https:\/\/atalaya-atelier.fr\/es\/wp-json\/wp\/v2\/product_cat?post=2222"},{"taxonomy":"product_tag","embeddable":true,"href":"https:\/\/atalaya-atelier.fr\/es\/wp-json\/wp\/v2\/product_tag?post=2222"}],"curies":[{"name":"wp","href":"https:\/\/api.w.org\/{rel}","templated":true}]}}