{"id":2340,"date":"2024-10-15T12:30:31","date_gmt":"2024-10-15T10:30:31","guid":{"rendered":"https:\/\/atalaya-atelier.fr\/?post_type=product&#038;p=2340"},"modified":"2024-10-15T12:51:51","modified_gmt":"2024-10-15T10:51:51","slug":"collier-de-dos-leiva","status":"publish","type":"product","link":"https:\/\/atalaya-atelier.fr\/es\/shop\/collier-de-dos-leiva\/","title":{"rendered":"Collier de dos Leiva"},"content":{"rendered":"<p>Ce collier de dos d\u00e9licat se distingue par sa cha\u00eene fine et ses trois perles de culture \u00e0 l&rsquo;avant, qui apportent une touche de douceur. \u00c0 l&rsquo;arri\u00e8re, un petit losange orn\u00e9 d&rsquo;une perle suspendue cr\u00e9e un effet \u00e9l\u00e9gant et subtil. Ce bijou est parfait pour accompagner des tenues dos-nus ou des occasions sp\u00e9ciales, comme un mariage, en ajoutant une discr\u00e8te note de raffinement.<\/p>\n<p>longueur de cha\u00eene pour faire passer la t\u00eate: 60cm<\/p>","protected":false},"excerpt":{"rendered":"<p>Ce collier de dos d\u00e9licat se distingue par sa cha\u00eene fine et ses trois perles de culture \u00e0 l&rsquo;avant, qui apportent une touche de douceur. \u00c0 l&rsquo;arri\u00e8re, un petit losange orn\u00e9 d&rsquo;une perle suspendue cr\u00e9e un effet \u00e9l\u00e9gant et subtil. Ce bijou est parfait pour accompagner des tenues dos-nus ou des occasions sp\u00e9ciales, comme un [&hellip;]<\/p>\n","protected":false},"featured_media":2288,"template":"","meta":{"_monsterinsights_skip_tracking":false,"_monsterinsights_sitenote_active":false,"_monsterinsights_sitenote_note":"","_monsterinsights_sitenote_category":0,"_uf_show_specific_survey":0,"_uf_disable_surveys":false},"product_brand":[],"product_cat":[26,34],"product_tag":[],"class_list":{"0":"post-2340","1":"product","2":"type-product","3":"status-publish","4":"has-post-thumbnail","6":"product_cat-colliers","7":"product_cat-voir-tout","9":"first","10":"instock","11":"shipping-taxable","12":"purchasable","13":"product-type-simple"},"yoast_head":"<!-- This site is optimized with the Yoast SEO plugin v27.4 - https:\/\/yoast.com\/product\/yoast-seo-wordpress\/ -->\n<title>Collier de dos Leiva - Atalaya - Atelier Del Sur<\/title>\n<meta name=\"robots\" content=\"index, follow, max-snippet:-1, max-image-preview:large, max-video-preview:-1\" \/>\n<link rel=\"canonical\" href=\"https:\/\/atalaya-atelier.fr\/es\/shop\/collier-de-dos-leiva\/\" \/>\n<meta property=\"og:locale\" content=\"es_ES\" \/>\n<meta property=\"og:type\" content=\"article\" \/>\n<meta property=\"og:title\" content=\"Collier de dos Leiva - Atalaya - Atelier Del Sur\" \/>\n<meta property=\"og:description\" content=\"Ce collier de dos d\u00e9licat se distingue par sa cha\u00eene fine et ses trois perles de culture \u00e0 l&rsquo;avant, qui apportent une touche de douceur. \u00c0 l&rsquo;arri\u00e8re, un petit losange orn\u00e9 d&rsquo;une perle suspendue cr\u00e9e un effet \u00e9l\u00e9gant et subtil. Ce bijou est parfait pour accompagner des tenues dos-nus ou des occasions sp\u00e9ciales, comme un [&hellip;]\" \/>\n<meta property=\"og:url\" content=\"https:\/\/atalaya-atelier.fr\/es\/shop\/collier-de-dos-leiva\/\" \/>\n<meta property=\"og:site_name\" content=\"Atalaya - Atelier Del Sur\" \/>\n<meta property=\"article:modified_time\" content=\"2024-10-15T10:51:51+00:00\" \/>\n<meta property=\"og:image\" content=\"https:\/\/atalaya-atelier.fr\/wp-content\/uploads\/2024\/09\/atalaya-calanques-prova-3-4-of-29-scaled-e1728989340419.jpg\" \/>\n\t<meta property=\"og:image:width\" content=\"1765\" \/>\n\t<meta property=\"og:image:height\" content=\"1796\" \/>\n\t<meta property=\"og:image:type\" content=\"image\/jpeg\" \/>\n<meta name=\"twitter:card\" content=\"summary_large_image\" \/>\n<meta name=\"twitter:label1\" content=\"Tiempo de lectura\" \/>\n\t<meta name=\"twitter:data1\" content=\"1 minuto\" \/>\n<script type=\"application\/ld+json\" class=\"yoast-schema-graph\">{\"@context\":\"https:\\\/\\\/schema.org\",\"@graph\":[{\"@type\":\"WebPage\",\"@id\":\"https:\\\/\\\/atalaya-atelier.fr\\\/shop\\\/collier-de-dos-leiva\\\/\",\"url\":\"https:\\\/\\\/atalaya-atelier.fr\\\/shop\\\/collier-de-dos-leiva\\\/\",\"name\":\"Collier de dos Leiva - Atalaya - Atelier Del Sur\",\"isPartOf\":{\"@id\":\"https:\\\/\\\/atalaya-atelier.fr\\\/#website\"},\"primaryImageOfPage\":{\"@id\":\"https:\\\/\\\/atalaya-atelier.fr\\\/shop\\\/collier-de-dos-leiva\\\/#primaryimage\"},\"image\":{\"@id\":\"https:\\\/\\\/atalaya-atelier.fr\\\/shop\\\/collier-de-dos-leiva\\\/#primaryimage\"},\"thumbnailUrl\":\"https:\\\/\\\/atalaya-atelier.fr\\\/wp-content\\\/uploads\\\/2024\\\/09\\\/atalaya-calanques-prova-3-4-of-29-scaled-e1728989340419.jpg\",\"datePublished\":\"2024-10-15T10:30:31+00:00\",\"dateModified\":\"2024-10-15T10:51:51+00:00\",\"breadcrumb\":{\"@id\":\"https:\\\/\\\/atalaya-atelier.fr\\\/shop\\\/collier-de-dos-leiva\\\/#breadcrumb\"},\"inLanguage\":\"es\",\"potentialAction\":[{\"@type\":\"ReadAction\",\"target\":[\"https:\\\/\\\/atalaya-atelier.fr\\\/shop\\\/collier-de-dos-leiva\\\/\"]}]},{\"@type\":\"ImageObject\",\"inLanguage\":\"es\",\"@id\":\"https:\\\/\\\/atalaya-atelier.fr\\\/shop\\\/collier-de-dos-leiva\\\/#primaryimage\",\"url\":\"https:\\\/\\\/atalaya-atelier.fr\\\/wp-content\\\/uploads\\\/2024\\\/09\\\/atalaya-calanques-prova-3-4-of-29-scaled-e1728989340419.jpg\",\"contentUrl\":\"https:\\\/\\\/atalaya-atelier.fr\\\/wp-content\\\/uploads\\\/2024\\\/09\\\/atalaya-calanques-prova-3-4-of-29-scaled-e1728989340419.jpg\",\"width\":1765,\"height\":1796},{\"@type\":\"BreadcrumbList\",\"@id\":\"https:\\\/\\\/atalaya-atelier.fr\\\/shop\\\/collier-de-dos-leiva\\\/#breadcrumb\",\"itemListElement\":[{\"@type\":\"ListItem\",\"position\":1,\"name\":\"Home\",\"item\":\"https:\\\/\\\/atalaya-atelier.fr\\\/\"},{\"@type\":\"ListItem\",\"position\":2,\"name\":\"Shop\",\"item\":\"https:\\\/\\\/atalaya-atelier.fr\\\/shop\\\/\"},{\"@type\":\"ListItem\",\"position\":3,\"name\":\"Collier de dos Leiva\"}]},{\"@type\":\"WebSite\",\"@id\":\"https:\\\/\\\/atalaya-atelier.fr\\\/#website\",\"url\":\"https:\\\/\\\/atalaya-atelier.fr\\\/\",\"name\":\"Atalaya - Atelier Del Sur\",\"description\":\"Bijoux fait main dans le sud de la France\",\"publisher\":{\"@id\":\"https:\\\/\\\/atalaya-atelier.fr\\\/#\\\/schema\\\/person\\\/4dd0245ee7202ab1b6cdcd89543e23b6\"},\"potentialAction\":[{\"@type\":\"SearchAction\",\"target\":{\"@type\":\"EntryPoint\",\"urlTemplate\":\"https:\\\/\\\/atalaya-atelier.fr\\\/?s={search_term_string}\"},\"query-input\":{\"@type\":\"PropertyValueSpecification\",\"valueRequired\":true,\"valueName\":\"search_term_string\"}}],\"inLanguage\":\"es\"},{\"@type\":[\"Person\",\"Organization\"],\"@id\":\"https:\\\/\\\/atalaya-atelier.fr\\\/#\\\/schema\\\/person\\\/4dd0245ee7202ab1b6cdcd89543e23b6\",\"name\":\"atalaya-atelier.fr\",\"image\":{\"@type\":\"ImageObject\",\"inLanguage\":\"es\",\"@id\":\"https:\\\/\\\/atalaya-atelier.fr\\\/wp-content\\\/uploads\\\/2023\\\/11\\\/Atalaya-green.png\",\"url\":\"https:\\\/\\\/atalaya-atelier.fr\\\/wp-content\\\/uploads\\\/2023\\\/11\\\/Atalaya-green.png\",\"contentUrl\":\"https:\\\/\\\/atalaya-atelier.fr\\\/wp-content\\\/uploads\\\/2023\\\/11\\\/Atalaya-green.png\",\"width\":577,\"height\":296,\"caption\":\"atalaya-atelier.fr\"},\"logo\":{\"@id\":\"https:\\\/\\\/atalaya-atelier.fr\\\/wp-content\\\/uploads\\\/2023\\\/11\\\/Atalaya-green.png\"},\"sameAs\":[\"http:\\\/\\\/atalaya-atelier.fr\",\"https:\\\/\\\/www.instagram.com\\\/atalaya.c?igshid=MzMyNGUyNmU2YQ\",\"https:\\\/\\\/www.pinterest.fr\\\/Atalayaatelier\\\/?invite_code=2cdeb6372bfe49b09d04ae91f83a12fb&sender=926123248280854284\"]}]}<\/script>\n<!-- \/ Yoast SEO plugin. -->","yoast_head_json":{"title":"Collier de dos Leiva - Atalaya - Atelier Del Sur","robots":{"index":"index","follow":"follow","max-snippet":"max-snippet:-1","max-image-preview":"max-image-preview:large","max-video-preview":"max-video-preview:-1"},"canonical":"https:\/\/atalaya-atelier.fr\/es\/shop\/collier-de-dos-leiva\/","og_locale":"es_ES","og_type":"article","og_title":"Collier de dos Leiva - Atalaya - Atelier Del Sur","og_description":"Ce collier de dos d\u00e9licat se distingue par sa cha\u00eene fine et ses trois perles de culture \u00e0 l&rsquo;avant, qui apportent une touche de douceur. \u00c0 l&rsquo;arri\u00e8re, un petit losange orn\u00e9 d&rsquo;une perle suspendue cr\u00e9e un effet \u00e9l\u00e9gant et subtil. Ce bijou est parfait pour accompagner des tenues dos-nus ou des occasions sp\u00e9ciales, comme un [&hellip;]","og_url":"https:\/\/atalaya-atelier.fr\/es\/shop\/collier-de-dos-leiva\/","og_site_name":"Atalaya - Atelier Del Sur","article_modified_time":"2024-10-15T10:51:51+00:00","og_image":[{"width":1765,"height":1796,"url":"https:\/\/atalaya-atelier.fr\/wp-content\/uploads\/2024\/09\/atalaya-calanques-prova-3-4-of-29-scaled-e1728989340419.jpg","type":"image\/jpeg"}],"twitter_card":"summary_large_image","twitter_misc":{"Tiempo de lectura":"1 minuto"},"schema":{"@context":"https:\/\/schema.org","@graph":[{"@type":"WebPage","@id":"https:\/\/atalaya-atelier.fr\/shop\/collier-de-dos-leiva\/","url":"https:\/\/atalaya-atelier.fr\/shop\/collier-de-dos-leiva\/","name":"Collier de dos Leiva - Atalaya - Atelier Del Sur","isPartOf":{"@id":"https:\/\/atalaya-atelier.fr\/#website"},"primaryImageOfPage":{"@id":"https:\/\/atalaya-atelier.fr\/shop\/collier-de-dos-leiva\/#primaryimage"},"image":{"@id":"https:\/\/atalaya-atelier.fr\/shop\/collier-de-dos-leiva\/#primaryimage"},"thumbnailUrl":"https:\/\/atalaya-atelier.fr\/wp-content\/uploads\/2024\/09\/atalaya-calanques-prova-3-4-of-29-scaled-e1728989340419.jpg","datePublished":"2024-10-15T10:30:31+00:00","dateModified":"2024-10-15T10:51:51+00:00","breadcrumb":{"@id":"https:\/\/atalaya-atelier.fr\/shop\/collier-de-dos-leiva\/#breadcrumb"},"inLanguage":"es","potentialAction":[{"@type":"ReadAction","target":["https:\/\/atalaya-atelier.fr\/shop\/collier-de-dos-leiva\/"]}]},{"@type":"ImageObject","inLanguage":"es","@id":"https:\/\/atalaya-atelier.fr\/shop\/collier-de-dos-leiva\/#primaryimage","url":"https:\/\/atalaya-atelier.fr\/wp-content\/uploads\/2024\/09\/atalaya-calanques-prova-3-4-of-29-scaled-e1728989340419.jpg","contentUrl":"https:\/\/atalaya-atelier.fr\/wp-content\/uploads\/2024\/09\/atalaya-calanques-prova-3-4-of-29-scaled-e1728989340419.jpg","width":1765,"height":1796},{"@type":"BreadcrumbList","@id":"https:\/\/atalaya-atelier.fr\/shop\/collier-de-dos-leiva\/#breadcrumb","itemListElement":[{"@type":"ListItem","position":1,"name":"Home","item":"https:\/\/atalaya-atelier.fr\/"},{"@type":"ListItem","position":2,"name":"Shop","item":"https:\/\/atalaya-atelier.fr\/shop\/"},{"@type":"ListItem","position":3,"name":"Collier de dos Leiva"}]},{"@type":"WebSite","@id":"https:\/\/atalaya-atelier.fr\/#website","url":"https:\/\/atalaya-atelier.fr\/","name":"Atalaya - Atelier Del Sur","description":"Bijoux fait main dans le sud de la France","publisher":{"@id":"https:\/\/atalaya-atelier.fr\/#\/schema\/person\/4dd0245ee7202ab1b6cdcd89543e23b6"},"potentialAction":[{"@type":"SearchAction","target":{"@type":"EntryPoint","urlTemplate":"https:\/\/atalaya-atelier.fr\/?s={search_term_string}"},"query-input":{"@type":"PropertyValueSpecification","valueRequired":true,"valueName":"search_term_string"}}],"inLanguage":"es"},{"@type":["Person","Organization"],"@id":"https:\/\/atalaya-atelier.fr\/#\/schema\/person\/4dd0245ee7202ab1b6cdcd89543e23b6","name":"atalaya-atelier.fr","image":{"@type":"ImageObject","inLanguage":"es","@id":"https:\/\/atalaya-atelier.fr\/wp-content\/uploads\/2023\/11\/Atalaya-green.png","url":"https:\/\/atalaya-atelier.fr\/wp-content\/uploads\/2023\/11\/Atalaya-green.png","contentUrl":"https:\/\/atalaya-atelier.fr\/wp-content\/uploads\/2023\/11\/Atalaya-green.png","width":577,"height":296,"caption":"atalaya-atelier.fr"},"logo":{"@id":"https:\/\/atalaya-atelier.fr\/wp-content\/uploads\/2023\/11\/Atalaya-green.png"},"sameAs":["http:\/\/atalaya-atelier.fr","https:\/\/www.instagram.com\/atalaya.c?igshid=MzMyNGUyNmU2YQ","https:\/\/www.pinterest.fr\/Atalayaatelier\/?invite_code=2cdeb6372bfe49b09d04ae91f83a12fb&sender=926123248280854284"]}]}},"jetpack_sharing_enabled":true,"_links":{"self":[{"href":"https:\/\/atalaya-atelier.fr\/es\/wp-json\/wp\/v2\/product\/2340","targetHints":{"allow":["GET"]}}],"collection":[{"href":"https:\/\/atalaya-atelier.fr\/es\/wp-json\/wp\/v2\/product"}],"about":[{"href":"https:\/\/atalaya-atelier.fr\/es\/wp-json\/wp\/v2\/types\/product"}],"wp:featuredmedia":[{"embeddable":true,"href":"https:\/\/atalaya-atelier.fr\/es\/wp-json\/wp\/v2\/media\/2288"}],"wp:attachment":[{"href":"https:\/\/atalaya-atelier.fr\/es\/wp-json\/wp\/v2\/media?parent=2340"}],"wp:term":[{"taxonomy":"product_brand","embeddable":true,"href":"https:\/\/atalaya-atelier.fr\/es\/wp-json\/wp\/v2\/product_brand?post=2340"},{"taxonomy":"product_cat","embeddable":true,"href":"https:\/\/atalaya-atelier.fr\/es\/wp-json\/wp\/v2\/product_cat?post=2340"},{"taxonomy":"product_tag","embeddable":true,"href":"https:\/\/atalaya-atelier.fr\/es\/wp-json\/wp\/v2\/product_tag?post=2340"}],"curies":[{"name":"wp","href":"https:\/\/api.w.org\/{rel}","templated":true}]}}