{"id":2729,"date":"2025-12-02T14:18:14","date_gmt":"2025-12-02T13:18:14","guid":{"rendered":"https:\/\/atalaya-atelier.fr\/?post_type=product&#038;p=2729"},"modified":"2026-04-20T13:32:52","modified_gmt":"2026-04-20T11:32:52","slug":"atelier-chez-atelier-consolat","status":"publish","type":"product","link":"https:\/\/atalaya-atelier.fr\/es\/shop\/atelier-chez-atelier-consolat\/","title":{"rendered":"Atelier Chez Atelier Consolat"},"content":{"rendered":"<p style=\"text-align: left;\">Rendez-vous chez Atelier Consolat le 6 juin \u00e0 10h30 pour suivre l&rsquo;atelier.<\/p>\n<p>L&rsquo;atelier se d\u00e9roule s\u00fbr 3h et on accueillera jusqu&rsquo;\u00e0 6 personnes.<\/p>\n<p>Adresse du lieu: 95 Rue Consolat, 13001 Marseille<\/p>","protected":false},"excerpt":{"rendered":"<p>Rendez-vous chez Atelier Consolat le 6 juin \u00e0 10h30 pour suivre l&rsquo;atelier. L&rsquo;atelier se d\u00e9roule s\u00fbr 3h et on accueillera jusqu&rsquo;\u00e0 6 personnes. Adresse du lieu: 95 Rue Consolat, 13001 Marseille<\/p>","protected":false},"featured_media":2731,"template":"","meta":{"_monsterinsights_skip_tracking":false,"_monsterinsights_sitenote_active":false,"_monsterinsights_sitenote_note":"","_monsterinsights_sitenote_category":0,"_uf_show_specific_survey":0,"_uf_disable_surveys":false},"product_brand":[],"product_cat":[59],"product_tag":[],"class_list":{"0":"post-2729","1":"product","2":"type-product","3":"status-publish","4":"has-post-thumbnail","6":"product_cat-atelier","8":"first","9":"instock","10":"virtual","11":"purchasable","12":"product-type-simple"},"yoast_head":"<!-- This site is optimized with the Yoast SEO plugin v27.5 - https:\/\/yoast.com\/product\/yoast-seo-wordpress\/ -->\n<title>Atelier Chez Atelier Consolat - Atalaya - Atelier Del Sur<\/title>\n<meta name=\"description\" content=\"Atelier cr\u00e9atif, cr\u00e9er son propre bijou s\u00fbr Marseille. Laissez parler votre artisan int\u00e9rieur et repartez avec un bijou en argent cr\u00e9e par vos propres mains.\" \/>\n<meta name=\"robots\" content=\"index, follow, max-snippet:-1, max-image-preview:large, max-video-preview:-1\" \/>\n<link rel=\"canonical\" href=\"https:\/\/atalaya-atelier.fr\/es\/shop\/atelier-chez-atelier-consolat\/\" \/>\n<meta property=\"og:locale\" content=\"es_ES\" \/>\n<meta property=\"og:type\" content=\"article\" \/>\n<meta property=\"og:title\" content=\"Atelier Chez Atelier Consolat - Atalaya - Atelier Del Sur\" \/>\n<meta property=\"og:description\" content=\"Atelier cr\u00e9atif, cr\u00e9er son propre bijou s\u00fbr Marseille. Laissez parler votre artisan int\u00e9rieur et repartez avec un bijou en argent cr\u00e9e par vos propres mains.\" \/>\n<meta property=\"og:url\" content=\"https:\/\/atalaya-atelier.fr\/es\/shop\/atelier-chez-atelier-consolat\/\" \/>\n<meta property=\"og:site_name\" content=\"Atalaya - Atelier Del Sur\" \/>\n<meta property=\"article:modified_time\" content=\"2026-04-20T11:32:52+00:00\" \/>\n<meta property=\"og:image\" content=\"https:\/\/atalaya-atelier.fr\/wp-content\/uploads\/2025\/12\/1000098684.jpg\" \/>\n\t<meta property=\"og:image:width\" content=\"500\" \/>\n\t<meta property=\"og:image:height\" content=\"500\" \/>\n\t<meta property=\"og:image:type\" content=\"image\/jpeg\" \/>\n<meta name=\"twitter:card\" content=\"summary_large_image\" \/>\n<meta name=\"twitter:label1\" content=\"Tiempo de lectura\" \/>\n\t<meta name=\"twitter:data1\" content=\"1 minuto\" \/>\n<script type=\"application\/ld+json\" class=\"yoast-schema-graph\">{\"@context\":\"https:\\\/\\\/schema.org\",\"@graph\":[{\"@type\":\"WebPage\",\"@id\":\"https:\\\/\\\/atalaya-atelier.fr\\\/shop\\\/atelier-chez-atelier-consolat\\\/\",\"url\":\"https:\\\/\\\/atalaya-atelier.fr\\\/shop\\\/atelier-chez-atelier-consolat\\\/\",\"name\":\"Atelier Chez Atelier Consolat - Atalaya - Atelier Del Sur\",\"isPartOf\":{\"@id\":\"https:\\\/\\\/atalaya-atelier.fr\\\/#website\"},\"primaryImageOfPage\":{\"@id\":\"https:\\\/\\\/atalaya-atelier.fr\\\/shop\\\/atelier-chez-atelier-consolat\\\/#primaryimage\"},\"image\":{\"@id\":\"https:\\\/\\\/atalaya-atelier.fr\\\/shop\\\/atelier-chez-atelier-consolat\\\/#primaryimage\"},\"thumbnailUrl\":\"https:\\\/\\\/atalaya-atelier.fr\\\/wp-content\\\/uploads\\\/2025\\\/12\\\/1000098684.jpg\",\"datePublished\":\"2025-12-02T13:18:14+00:00\",\"dateModified\":\"2026-04-20T11:32:52+00:00\",\"description\":\"Atelier cr\u00e9atif, cr\u00e9er son propre bijou s\u00fbr Marseille. Laissez parler votre artisan int\u00e9rieur et repartez avec un bijou en argent cr\u00e9e par vos propres mains.\",\"breadcrumb\":{\"@id\":\"https:\\\/\\\/atalaya-atelier.fr\\\/shop\\\/atelier-chez-atelier-consolat\\\/#breadcrumb\"},\"inLanguage\":\"es\",\"potentialAction\":[{\"@type\":\"ReadAction\",\"target\":[\"https:\\\/\\\/atalaya-atelier.fr\\\/shop\\\/atelier-chez-atelier-consolat\\\/\"]}]},{\"@type\":\"ImageObject\",\"inLanguage\":\"es\",\"@id\":\"https:\\\/\\\/atalaya-atelier.fr\\\/shop\\\/atelier-chez-atelier-consolat\\\/#primaryimage\",\"url\":\"https:\\\/\\\/atalaya-atelier.fr\\\/wp-content\\\/uploads\\\/2025\\\/12\\\/1000098684.jpg\",\"contentUrl\":\"https:\\\/\\\/atalaya-atelier.fr\\\/wp-content\\\/uploads\\\/2025\\\/12\\\/1000098684.jpg\",\"width\":500,\"height\":500},{\"@type\":\"BreadcrumbList\",\"@id\":\"https:\\\/\\\/atalaya-atelier.fr\\\/shop\\\/atelier-chez-atelier-consolat\\\/#breadcrumb\",\"itemListElement\":[{\"@type\":\"ListItem\",\"position\":1,\"name\":\"Home\",\"item\":\"https:\\\/\\\/atalaya-atelier.fr\\\/\"},{\"@type\":\"ListItem\",\"position\":2,\"name\":\"Shop\",\"item\":\"https:\\\/\\\/atalaya-atelier.fr\\\/shop\\\/\"},{\"@type\":\"ListItem\",\"position\":3,\"name\":\"Atelier Chez Atelier Consolat\"}]},{\"@type\":\"WebSite\",\"@id\":\"https:\\\/\\\/atalaya-atelier.fr\\\/#website\",\"url\":\"https:\\\/\\\/atalaya-atelier.fr\\\/\",\"name\":\"Atalaya - Atelier Del Sur\",\"description\":\"Bijoux fait main dans le sud de la France\",\"publisher\":{\"@id\":\"https:\\\/\\\/atalaya-atelier.fr\\\/#\\\/schema\\\/person\\\/4dd0245ee7202ab1b6cdcd89543e23b6\"},\"potentialAction\":[{\"@type\":\"SearchAction\",\"target\":{\"@type\":\"EntryPoint\",\"urlTemplate\":\"https:\\\/\\\/atalaya-atelier.fr\\\/?s={search_term_string}\"},\"query-input\":{\"@type\":\"PropertyValueSpecification\",\"valueRequired\":true,\"valueName\":\"search_term_string\"}}],\"inLanguage\":\"es\"},{\"@type\":[\"Person\",\"Organization\"],\"@id\":\"https:\\\/\\\/atalaya-atelier.fr\\\/#\\\/schema\\\/person\\\/4dd0245ee7202ab1b6cdcd89543e23b6\",\"name\":\"atalaya-atelier.fr\",\"image\":{\"@type\":\"ImageObject\",\"inLanguage\":\"es\",\"@id\":\"https:\\\/\\\/atalaya-atelier.fr\\\/wp-content\\\/uploads\\\/2023\\\/11\\\/Atalaya-green.png\",\"url\":\"https:\\\/\\\/atalaya-atelier.fr\\\/wp-content\\\/uploads\\\/2023\\\/11\\\/Atalaya-green.png\",\"contentUrl\":\"https:\\\/\\\/atalaya-atelier.fr\\\/wp-content\\\/uploads\\\/2023\\\/11\\\/Atalaya-green.png\",\"width\":577,\"height\":296,\"caption\":\"atalaya-atelier.fr\"},\"logo\":{\"@id\":\"https:\\\/\\\/atalaya-atelier.fr\\\/wp-content\\\/uploads\\\/2023\\\/11\\\/Atalaya-green.png\"},\"sameAs\":[\"http:\\\/\\\/atalaya-atelier.fr\",\"https:\\\/\\\/www.instagram.com\\\/atalaya.c?igshid=MzMyNGUyNmU2YQ\",\"https:\\\/\\\/www.pinterest.fr\\\/Atalayaatelier\\\/?invite_code=2cdeb6372bfe49b09d04ae91f83a12fb&sender=926123248280854284\"]}]}<\/script>\n<!-- \/ Yoast SEO plugin. -->","yoast_head_json":{"title":"Atelier Chez Atelier Consolat - Atalaya - Atelier Del Sur","description":"Atelier cr\u00e9atif, cr\u00e9er son propre bijou s\u00fbr Marseille. Laissez parler votre artisan int\u00e9rieur et repartez avec un bijou en argent cr\u00e9e par vos propres mains.","robots":{"index":"index","follow":"follow","max-snippet":"max-snippet:-1","max-image-preview":"max-image-preview:large","max-video-preview":"max-video-preview:-1"},"canonical":"https:\/\/atalaya-atelier.fr\/es\/shop\/atelier-chez-atelier-consolat\/","og_locale":"es_ES","og_type":"article","og_title":"Atelier Chez Atelier Consolat - Atalaya - Atelier Del Sur","og_description":"Atelier cr\u00e9atif, cr\u00e9er son propre bijou s\u00fbr Marseille. Laissez parler votre artisan int\u00e9rieur et repartez avec un bijou en argent cr\u00e9e par vos propres mains.","og_url":"https:\/\/atalaya-atelier.fr\/es\/shop\/atelier-chez-atelier-consolat\/","og_site_name":"Atalaya - Atelier Del Sur","article_modified_time":"2026-04-20T11:32:52+00:00","og_image":[{"width":500,"height":500,"url":"https:\/\/atalaya-atelier.fr\/wp-content\/uploads\/2025\/12\/1000098684.jpg","type":"image\/jpeg"}],"twitter_card":"summary_large_image","twitter_misc":{"Tiempo de lectura":"1 minuto"},"schema":{"@context":"https:\/\/schema.org","@graph":[{"@type":"WebPage","@id":"https:\/\/atalaya-atelier.fr\/shop\/atelier-chez-atelier-consolat\/","url":"https:\/\/atalaya-atelier.fr\/shop\/atelier-chez-atelier-consolat\/","name":"Atelier Chez Atelier Consolat - Atalaya - Atelier Del Sur","isPartOf":{"@id":"https:\/\/atalaya-atelier.fr\/#website"},"primaryImageOfPage":{"@id":"https:\/\/atalaya-atelier.fr\/shop\/atelier-chez-atelier-consolat\/#primaryimage"},"image":{"@id":"https:\/\/atalaya-atelier.fr\/shop\/atelier-chez-atelier-consolat\/#primaryimage"},"thumbnailUrl":"https:\/\/atalaya-atelier.fr\/wp-content\/uploads\/2025\/12\/1000098684.jpg","datePublished":"2025-12-02T13:18:14+00:00","dateModified":"2026-04-20T11:32:52+00:00","description":"Atelier cr\u00e9atif, cr\u00e9er son propre bijou s\u00fbr Marseille. Laissez parler votre artisan int\u00e9rieur et repartez avec un bijou en argent cr\u00e9e par vos propres mains.","breadcrumb":{"@id":"https:\/\/atalaya-atelier.fr\/shop\/atelier-chez-atelier-consolat\/#breadcrumb"},"inLanguage":"es","potentialAction":[{"@type":"ReadAction","target":["https:\/\/atalaya-atelier.fr\/shop\/atelier-chez-atelier-consolat\/"]}]},{"@type":"ImageObject","inLanguage":"es","@id":"https:\/\/atalaya-atelier.fr\/shop\/atelier-chez-atelier-consolat\/#primaryimage","url":"https:\/\/atalaya-atelier.fr\/wp-content\/uploads\/2025\/12\/1000098684.jpg","contentUrl":"https:\/\/atalaya-atelier.fr\/wp-content\/uploads\/2025\/12\/1000098684.jpg","width":500,"height":500},{"@type":"BreadcrumbList","@id":"https:\/\/atalaya-atelier.fr\/shop\/atelier-chez-atelier-consolat\/#breadcrumb","itemListElement":[{"@type":"ListItem","position":1,"name":"Home","item":"https:\/\/atalaya-atelier.fr\/"},{"@type":"ListItem","position":2,"name":"Shop","item":"https:\/\/atalaya-atelier.fr\/shop\/"},{"@type":"ListItem","position":3,"name":"Atelier Chez Atelier Consolat"}]},{"@type":"WebSite","@id":"https:\/\/atalaya-atelier.fr\/#website","url":"https:\/\/atalaya-atelier.fr\/","name":"Atalaya - Atelier Del Sur","description":"Bijoux fait main dans le sud de la France","publisher":{"@id":"https:\/\/atalaya-atelier.fr\/#\/schema\/person\/4dd0245ee7202ab1b6cdcd89543e23b6"},"potentialAction":[{"@type":"SearchAction","target":{"@type":"EntryPoint","urlTemplate":"https:\/\/atalaya-atelier.fr\/?s={search_term_string}"},"query-input":{"@type":"PropertyValueSpecification","valueRequired":true,"valueName":"search_term_string"}}],"inLanguage":"es"},{"@type":["Person","Organization"],"@id":"https:\/\/atalaya-atelier.fr\/#\/schema\/person\/4dd0245ee7202ab1b6cdcd89543e23b6","name":"atalaya-atelier.fr","image":{"@type":"ImageObject","inLanguage":"es","@id":"https:\/\/atalaya-atelier.fr\/wp-content\/uploads\/2023\/11\/Atalaya-green.png","url":"https:\/\/atalaya-atelier.fr\/wp-content\/uploads\/2023\/11\/Atalaya-green.png","contentUrl":"https:\/\/atalaya-atelier.fr\/wp-content\/uploads\/2023\/11\/Atalaya-green.png","width":577,"height":296,"caption":"atalaya-atelier.fr"},"logo":{"@id":"https:\/\/atalaya-atelier.fr\/wp-content\/uploads\/2023\/11\/Atalaya-green.png"},"sameAs":["http:\/\/atalaya-atelier.fr","https:\/\/www.instagram.com\/atalaya.c?igshid=MzMyNGUyNmU2YQ","https:\/\/www.pinterest.fr\/Atalayaatelier\/?invite_code=2cdeb6372bfe49b09d04ae91f83a12fb&sender=926123248280854284"]}]}},"jetpack_sharing_enabled":true,"_links":{"self":[{"href":"https:\/\/atalaya-atelier.fr\/es\/wp-json\/wp\/v2\/product\/2729","targetHints":{"allow":["GET"]}}],"collection":[{"href":"https:\/\/atalaya-atelier.fr\/es\/wp-json\/wp\/v2\/product"}],"about":[{"href":"https:\/\/atalaya-atelier.fr\/es\/wp-json\/wp\/v2\/types\/product"}],"wp:featuredmedia":[{"embeddable":true,"href":"https:\/\/atalaya-atelier.fr\/es\/wp-json\/wp\/v2\/media\/2731"}],"wp:attachment":[{"href":"https:\/\/atalaya-atelier.fr\/es\/wp-json\/wp\/v2\/media?parent=2729"}],"wp:term":[{"taxonomy":"product_brand","embeddable":true,"href":"https:\/\/atalaya-atelier.fr\/es\/wp-json\/wp\/v2\/product_brand?post=2729"},{"taxonomy":"product_cat","embeddable":true,"href":"https:\/\/atalaya-atelier.fr\/es\/wp-json\/wp\/v2\/product_cat?post=2729"},{"taxonomy":"product_tag","embeddable":true,"href":"https:\/\/atalaya-atelier.fr\/es\/wp-json\/wp\/v2\/product_tag?post=2729"}],"curies":[{"name":"wp","href":"https:\/\/api.w.org\/{rel}","templated":true}]}}